{"id":10985,"date":"2018-11-01T19:00:25","date_gmt":"2018-11-01T19:00:25","guid":{"rendered":"https:\/\/sucralose.kellendev.com\/?page_id=10985"},"modified":"2018-11-09T16:20:05","modified_gmt":"2018-11-09T16:20:05","slug":"home-page","status":"publish","type":"page","link":"https:\/\/sucraloseglobal.org\/es\/","title":{"rendered":"Home Page"},"content":{"rendered":"[vc_row rt_row_background_width=&#8221;fullwidth&#8221; rt_row_content_width=&#8221;default&#8221; rt_row_style=&#8221;default-style&#8221; rt_column_placement=&#8221;middle&#8221; rt_row_borders=&#8221;top,bottom&#8221; rt_row_shadows=&#8221;&#8221; rt_row_paddings=&#8221;true&#8221; rt_bg_effect=&#8221;classic&#8221; rt_bg_image_repeat=&#8221;no-repeat&#8221; rt_bg_size=&#8221;cover&#8221; rt_bg_position=&#8221;left center&#8221; rt_bg_attachment=&#8221;scroll&#8221; rt_bg_video_format=&#8221;self-hosted&#8221; rt_bg_image=&#8221;11176&#8243; rt_padding_top=&#8221;50&#8243; rt_padding_bottom=&#8221;50&#8243; rt_row_height=&#8221;500&#8243;][vc_column width=&#8221;1\/2&#8243; rt_column_shadow=&#8221;&#8221; rt_bg_image_repeat=&#8221;repeat&#8221; rt_bg_size=&#8221;auto auto&#8221; rt_bg_attachment=&#8221;scroll&#8221; offset=&#8221;vc_hidden-sm vc_hidden-xs&#8221; rt_bg_color=&#8221;&#8221; rt_bg_overlay_color=&#8221;&#8221;][vc_empty_space][\/vc_column][vc_column width=&#8221;1\/2&#8243; rt_column_shadow=&#8221;&#8221; rt_bg_image_repeat=&#8221;repeat&#8221; rt_bg_size=&#8221;auto auto&#8221; rt_bg_attachment=&#8221;scroll&#8221;]<div class=\"rt_heading_wrapper style-5\">\n\t\t\t\t\t\t<h1 class=\"rt_heading  style-5\" >\u00bfQu\u00e9 es la sucralosa?<\/h1>\n\t\t\t\t\t<\/div>[vc_column_text]La sucralosa (reconocida por muchos como Splenda\u00ae) es un edulcorante sin calor\u00edas que se usa en m\u00e1s de 5000 alimentos y bebidas en todo el mundo. Como la obesidad es cada vez m\u00e1s com\u00fan, en muchas pautas alimentarias se recomienda a los consumidores que elijan alimentos y bebidas que moderen su ingesta de az\u00facares.[\/vc_column_text]<div class=\"button_wrapper align \"><a  href=\"\/es\/acerca-de-la-sucralosa\/\" target=\"_self\" title=\"Conoce m\u00e1s\" class=\"button_  color small\">Conoce m\u00e1s<\/a><\/div>[\/vc_column][\/vc_row][vc_row rt_row_background_width=&#8221;fullwidth&#8221; rt_row_content_width=&#8221;default&#8221; rt_row_style=&#8221;default-style&#8221; rt_row_borders=&#8221;&#8221; rt_row_shadows=&#8221;&#8221; rt_row_paddings=&#8221;true&#8221; rt_bg_effect=&#8221;classic&#8221; rt_bg_image_repeat=&#8221;repeat&#8221; rt_bg_size=&#8221;cover&#8221; rt_bg_position=&#8221;right top&#8221; rt_bg_attachment=&#8221;scroll&#8221; rt_bg_video_format=&#8221;self-hosted&#8221;][vc_column width=&#8221;1\/2&#8243; rt_column_shadow=&#8221;&#8221; rt_bg_image_repeat=&#8221;repeat&#8221; rt_bg_size=&#8221;auto auto&#8221; rt_bg_attachment=&#8221;scroll&#8221;][vc_empty_space]<article  class=\"image-content-box content-box box-style-1 left\"><div class=\"featured_image_holder\"><a href=\"\/es\/sucralose-facts\/\" title=\"Conoce m\u00e1s\" target=\"_self\"><img decoding=\"async\" class=\"img-responsive\" src=\"https:\/\/sucraloseglobal.org\/wp-content\/uploads\/2016\/01\/shopping.jpg\" alt=\"\" \/><\/a><\/div><div class=\"text-holder\">\n\t<h3 class=\"heading\" >\n\t\t<a href=\"\/es\/sucralose-facts\/\" title=\"Las afirmaciones\" target=\"_self\" >\n\t\t\tLas afirmaciones\n\t\t<\/a>\n\t<\/h3> <p>Estudios de inocuidad demuestran que la sucralosa es un ingrediente seguro y esencialmente inerte. Entre las conclusiones de los estudios, se incluyen.<\/p>\n<a class=\"read_more\" href=\"\/es\/sucralose-facts\/\" title=\"Conoce m\u00e1s\" target=\"_self\" >Conoce m\u00e1s<\/a><\/div><\/article>[\/vc_column][vc_column width=&#8221;1\/2&#8243; rt_column_shadow=&#8221;&#8221; rt_bg_image_repeat=&#8221;repeat&#8221; rt_bg_size=&#8221;auto auto&#8221; rt_bg_attachment=&#8221;scroll&#8221;][vc_empty_space]<article  class=\"image-content-box content-box box-style-1 left\"><div class=\"featured_image_holder\"><a href=\"\/es\/sucralose-benefits\/\" title=\"Conoce m\u00e1s\" target=\"_self\"><img decoding=\"async\" class=\"img-responsive\" src=\"https:\/\/sucraloseglobal.org\/wp-content\/uploads\/2016\/01\/photodune-11645393-dumbbells-and-weight-scale-machines-xs-1.jpg\" alt=\"\" \/><\/a><\/div><div class=\"text-holder\">\n\t<h3 class=\"heading\" >\n\t\t<a href=\"\/es\/sucralose-benefits\/\" title=\"Beneficios de la sucralosa\" target=\"_self\" >\n\t\t\tBeneficios de la sucralosa\n\t\t<\/a>\n\t<\/h3> <p>Reemplazar el az\u00facar por sucralosa puede brindar varios beneficios potenciales.<\/p>\n<a class=\"read_more\" href=\"\/es\/sucralose-benefits\/\" title=\"Conoce m\u00e1s\" target=\"_self\" >Conoce m\u00e1s<\/a><\/div><\/article>[\/vc_column][\/vc_row][vc_row rt_row_background_width=&#8221;fullwidth&#8221; rt_row_content_width=&#8221;default&#8221; rt_row_style=&#8221;default-style&#8221; rt_row_borders=&#8221;&#8221; rt_row_shadows=&#8221;&#8221; rt_row_paddings=&#8221;true&#8221; rt_bg_effect=&#8221;classic&#8221; rt_bg_image_repeat=&#8221;repeat&#8221; rt_bg_size=&#8221;cover&#8221; rt_bg_position=&#8221;right top&#8221; rt_bg_attachment=&#8221;scroll&#8221; rt_bg_video_format=&#8221;self-hosted&#8221;][vc_column width=&#8221;1\/3&#8243; rt_column_shadow=&#8221;&#8221; rt_bg_image_repeat=&#8221;repeat&#8221; rt_bg_size=&#8221;auto auto&#8221; rt_bg_attachment=&#8221;scroll&#8221;][vc_empty_space]<article  class=\"image-content-box content-box box-style-1 left\"><div class=\"featured_image_holder\"><a href=\"\/es\/what-the-experts-say\/\" title=\"Conoce m\u00e1s\" target=\"_self\"><img decoding=\"async\" class=\"img-responsive\" src=\"https:\/\/sucraloseglobal.org\/wp-content\/uploads\/2018\/11\/AdobeStock_146105073-edited-1.jpg\" alt=\"\" \/><\/a><\/div><div class=\"text-holder\">\n\t<h3 class=\"heading\" >\n\t\t<a href=\"\/es\/what-the-experts-say\/\" title=\"Lo que dicen los expertos\" target=\"_self\" >\n\t\t\tLo que dicen los expertos\n\t\t<\/a>\n\t<\/h3> <p>Expertos cient\u00edficos de todo el mundo avalan la inocuidad de la sucralosa y la funci\u00f3n que cumple en los productos bajos en calor\u00edas como parte de la lucha contra los niveles de obesidad en aumento.<\/p>\n<a class=\"read_more\" href=\"\/es\/what-the-experts-say\/\" title=\"Conoce m\u00e1s\" target=\"_self\" >Conoce m\u00e1s<\/a><\/div><\/article>[vc_empty_space][\/vc_column][vc_column width=&#8221;1\/3&#8243; rt_column_shadow=&#8221;&#8221; rt_bg_image_repeat=&#8221;repeat&#8221; rt_bg_size=&#8221;auto auto&#8221; rt_bg_attachment=&#8221;scroll&#8221;][vc_empty_space]<article  class=\"image-content-box content-box box-style-1 left\"><div class=\"featured_image_holder\"><a href=\"\/es\/faqs\/\" title=\"Conoce m\u00e1s\" target=\"_self\"><img decoding=\"async\" class=\"img-responsive\" src=\"https:\/\/sucraloseglobal.org\/wp-content\/uploads\/2016\/01\/questions.png\" alt=\"\" \/><\/a><\/div><div class=\"text-holder\">\n\t<h3 class=\"heading\" >\n\t\t<a href=\"\/es\/faqs\/\" title=\"Preguntas frecuentes\" target=\"_self\" >\n\t\t\tPreguntas frecuentes\n\t\t<\/a>\n\t<\/h3> <p>Te brindamos las respuestas a las preguntas frecuentes sobre el popular edulcorante de bajo contenido cal\u00f3rico: la sucralosa.<\/p>\n<a class=\"read_more\" href=\"\/es\/faqs\/\" title=\"Conoce m\u00e1s\" target=\"_self\" >Conoce m\u00e1s<\/a><\/div><\/article>[vc_empty_space][\/vc_column][vc_column width=&#8221;1\/3&#8243; rt_column_shadow=&#8221;&#8221; rt_bg_image_repeat=&#8221;repeat&#8221; rt_bg_size=&#8221;auto auto&#8221; rt_bg_attachment=&#8221;scroll&#8221;][vc_empty_space]<article  class=\"image-content-box content-box box-style-1 left\"><div class=\"featured_image_holder\"><a href=\"\/es\/about-sucralose\/\" title=\"Conoce m\u00e1s\" target=\"_self\"><img decoding=\"async\" class=\"img-responsive\" src=\"https:\/\/sucraloseglobal.org\/wp-content\/uploads\/2016\/01\/drink.jpg\" alt=\"\" \/><\/a><\/div><div class=\"text-holder\">\n\t<h3 class=\"heading\" >\n\t\t<a href=\"\/es\/about-sucralose\/\" title=\"Acerca de la sucralosa\" target=\"_self\" >\n\t\t\tAcerca de la sucralosa\n\t\t<\/a>\n\t<\/h3> <p>La sucralosa es \u00fatil para las personas que disfrutan de los alimentos dulces, pero que est\u00e1n tratando de reducir la cantidad de calor\u00edas que consumen o la cantidad de az\u00facar en su dieta<\/p>\n<a class=\"read_more\" href=\"\/es\/about-sucralose\/\" title=\"Conoce m\u00e1s\" target=\"_self\" >Conoce m\u00e1s<\/a><\/div><\/article>[vc_empty_space][\/vc_column][\/vc_row]\n","protected":false},"excerpt":{"rendered":"<p>[vc_row rt_row_background_width=&#8221;fullwidth&#8221; rt_row_content_width=&#8221;default&#8221; rt_row_style=&#8221;default-style&#8221; rt_column_placement=&#8221;middle&#8221; rt_row_borders=&#8221;top,bottom&#8221; rt_row_shadows=&#8221;&#8221; rt_row_paddings=&#8221;true&#8221; rt_bg_effect=&#8221;classic&#8221; rt_bg_image_repeat=&#8221;no-repeat&#8221; rt_bg_size=&#8221;cover&#8221; rt_bg_position=&#8221;left center&#8221; rt_bg_attachment=&#8221;scroll&#8221; rt_bg_video_format=&#8221;self-hosted&#8221; rt_bg_image=&#8221;11176&#8243; rt_padding_top=&#8221;50&#8243; rt_padding_bottom=&#8221;50&#8243; rt_row_height=&#8221;500&#8243;][vc_column width=&#8221;1\/2&#8243; rt_column_shadow=&#8221;&#8221; rt_bg_image_repeat=&#8221;repeat&#8221; rt_bg_size=&#8221;auto auto&#8221; rt_bg_attachment=&#8221;scroll&#8221; offset=&#8221;vc_hidden-sm vc_hidden-xs&#8221; rt_bg_color=&#8221;&#8221; rt_bg_overlay_color=&#8221;&#8221;][vc_empty_space][\/vc_column][vc_column width=&#8221;1\/2&#8243; rt_column_shadow=&#8221;&#8221; rt_bg_image_repeat=&#8221;repeat&#8221; rt_bg_size=&#8221;auto auto&#8221; rt_bg_attachment=&#8221;scroll&#8221;][vc_column_text]La sucralosa (reconocida por muchos como Splenda\u00ae) es un edulcorante sin calor\u00edas que se usa en m\u00e1s de 5000 alimentos y &#8230; <a class=\"more-link\" href=\"https:\/\/sucraloseglobal.org\/es\/\">Continue reading<\/a><\/p>\n","protected":false},"author":1,"featured_media":0,"parent":0,"menu_order":0,"comment_status":"closed","ping_status":"closed","template":"","meta":{"footnotes":""},"class_list":["post-10985","page","type-page","status-publish","hentry"],"_links":{"self":[{"href":"https:\/\/sucraloseglobal.org\/es\/wp-json\/wp\/v2\/pages\/10985\/"}],"collection":[{"href":"https:\/\/sucraloseglobal.org\/es\/wp-json\/wp\/v2\/pages\/"}],"about":[{"href":"https:\/\/sucraloseglobal.org\/es\/wp-json\/wp\/v2\/types\/page\/"}],"author":[{"embeddable":true,"href":"https:\/\/sucraloseglobal.org\/es\/wp-json\/wp\/v2\/users\/1\/"}],"replies":[{"embeddable":true,"href":"https:\/\/sucraloseglobal.org\/es\/wp-json\/wp\/v2\/comments\/?post=10985"}],"version-history":[{"count":0,"href":"https:\/\/sucraloseglobal.org\/es\/wp-json\/wp\/v2\/pages\/10985\/revisions\/"}],"wp:attachment":[{"href":"https:\/\/sucraloseglobal.org\/es\/wp-json\/wp\/v2\/media\/?parent=10985"}],"curies":[{"name":"wp","href":"https:\/\/api.w.org\/{rel}","templated":true}]}}