{"id":11012,"date":"2018-11-02T12:54:52","date_gmt":"2018-11-02T12:54:52","guid":{"rendered":"https:\/\/sucralose.kellendev.com\/?page_id=11012"},"modified":"2018-11-09T15:12:43","modified_gmt":"2018-11-09T15:12:43","slug":"sucralosa-y-medioambiente","status":"publish","type":"page","link":"https:\/\/sucraloseglobal.org\/es\/sucralosa-y-medioambiente\/","title":{"rendered":"Sucralosa y medioambiente"},"content":{"rendered":"[vc_row rt_row_background_width=&#8221;fullwidth&#8221; rt_row_content_width=&#8221;default&#8221; rt_row_style=&#8221;light-style&#8221; rt_row_borders=&#8221;&#8221; rt_row_shadows=&#8221;&#8221; rt_row_paddings=&#8221;true&#8221; rt_bg_effect=&#8221;parallax&#8221; rt_bg_parallax_effect=&#8221;1&#8243; rt_bg_image_repeat=&#8221;repeat&#8221; rt_bg_size=&#8221;cover&#8221; rt_bg_position=&#8221;center bottom&#8221; rt_bg_video_format=&#8221;self-hosted&#8221; rt_padding_top=&#8221;80&#8243; rt_padding_bottom=&#8221;0&#8243; rt_grid=&#8221;&#8221; rt_bg_color=&#8221;#ffed4a&#8221; rt_bg_overlay_color=&#8221;rgba(255,237,74,0.5)&#8221; rt_bg_image=&#8221;1911&#8243;][vc_column rt_column_shadow=&#8221;&#8221; rt_bg_image_repeat=&#8221;repeat&#8221; rt_bg_size=&#8221;auto auto&#8221; rt_bg_attachment=&#8221;scroll&#8221;][vc_empty_space height=&#8221;40px&#8221;]<div class=\"rt_heading_wrapper no-style\">\n\t\t\t\t\t\t<h1 class=\"rt_heading  no-style\"  style=\"font-size:50px;line-height:50px;letter-spacing:2px;\">Sucralosa y medioambiente<\/h1>\n\t\t\t\t\t<\/div>[vc_column_text]\n[\/vc_column_text][\/vc_column][\/vc_row][vc_row rt_row_background_width=&#8221;fullwidth&#8221; rt_row_content_width=&#8221;default&#8221; rt_row_style=&#8221;default-style&#8221; rt_row_borders=&#8221;&#8221; rt_row_shadows=&#8221;&#8221; rt_row_paddings=&#8221;true&#8221; rt_bg_effect=&#8221;classic&#8221; rt_bg_image_repeat=&#8221;repeat&#8221; rt_bg_size=&#8221;cover&#8221; rt_bg_position=&#8221;right top&#8221; rt_bg_attachment=&#8221;scroll&#8221; rt_bg_video_format=&#8221;self-hosted&#8221; rt_padding_bottom=&#8221;60&#8243;][vc_column width=&#8221;2\/3&#8243; rt_column_shadow=&#8221;&#8221; rt_bg_image_repeat=&#8221;repeat&#8221; rt_bg_size=&#8221;auto auto&#8221; rt_bg_attachment=&#8221;scroll&#8221;]<div class=\"rt_heading_wrapper style-5\">\n\t\t\t\t\t\t<h3 class=\"rt_heading  with_punchline style-5\" ><span class=\"punchline\">Respuestas a tus preguntas<\/span>Sobre el medioambiente<\/h3>\n\t\t\t\t\t<\/div><article  class=\"icon-content-box content-box icon-left icon-style-1\"><div class=\"icon-holder\"><span class=\"q icon-help-circled\"><\/span><\/div><div class=\"text-holder\"><h5 class=\"heading\">\u00bfLos organismos normativos evaluaron las propiedades ambientales de la sucralosa?<\/h5> <p>S\u00ed. Se revisaron datos ambientales como parte de la Petici\u00f3n de aditivo alimentario para la sucralosa del Reino Unido en la d\u00e9cada de 1990.\u00a0Adem\u00e1s, la Administraci\u00f3n de Alimentos y Medicamentos (FDA) de los Estados Unidos revis\u00f3 el potencial de impactos ambientales a fines de la d\u00e9cada de 1990.\u00a0Los organismos normativos acordaron que la sucralosa no supon\u00eda riesgos para el medioambiente (FDA, 1999).<\/p>\n<\/div><\/article><article  class=\"icon-content-box content-box icon-left icon-style-1\"><div class=\"icon-holder\"><span class=\"q icon-help-circled\"><\/span><\/div><div class=\"text-holder\"><h5 class=\"heading\">\u00bfLa sucralosa se mide en el medioambiente? \u00bfLa ciencia en torno a la sucralosa en el medioambiente se revisa y eval\u00faa constantemente?<\/h5> <p>Se ha detectado sucralosa en el medioambiente, al igual que la mayor parte de lo que las personas consumen y excretan en la vida diaria. La mayor\u00eda de los informes se basan en la identificaci\u00f3n de sucralosa en varios cuerpos de agua, como lagos, r\u00edos y arroyos.\u00a0 Las concentraciones de sucralosa informadas en la actualidad son similares a las previstas en la d\u00e9cada de 1990, antes de la introducci\u00f3n de la sucralosa en el mercado.\u00a0Con frecuencia, se controlan nuevos informes y publicaciones relacionados con la sucralosa en el medioambiente.\u00a0 Es importante revisar estos informes para garantizar que la sucralosa sea segura para el medioambiente.\u00a0 En el a\u00f1o 2012, cient\u00edficos noruegos y estadounidenses publicaron una nueva revisi\u00f3n de todos los datos ambientales de la sucralosa en la revista\u00a0<em>Science of the Total Environmen<\/em>t\u00a0(Tollefsen et al., 2012).<em>\u00a0<\/em>Seg\u00fan los datos originales de la Petici\u00f3n de aditivo alimentario del Reino Unido y los datos publicados m\u00e1s recientemente, los cient\u00edficos concluyeron que la sucralosa no presenta riesgos para el medioambiente.<\/p>\n<\/div><\/article><article  class=\"icon-content-box content-box icon-left icon-style-1\"><div class=\"icon-holder\"><span class=\"q icon-help-circled\"><\/span><\/div><div class=\"text-holder\"><h5 class=\"heading\">\u00bfLa sucralosa se acumula en los tejidos de las plantas y la fauna?<\/h5> <p>Estudios publicados por el <em>IVL Swedish Environmental Research Institute<\/em> (Instituto de Investigaci\u00f3n Ambiental Sueco IVL), el <em>Swedish Environmental Research Institute<\/em> (Instituto de Investigaci\u00f3n Ambiental Sueco) y el <em>Norwegian Institute for Water Research<\/em> (Instituto Noruego para Investigaci\u00f3n del Agua) determinaron que la sucralosa no se bioacumula en plantas acu\u00e1ticas, invertebrados ni peces (Brorstr\u00f6m-Lund\u00e9n, E et al. 2008 Part I and Brorstr\u00f6m-Lund\u00e9n, E et al. 2008 Part II).\u00a0Se ha realizado una serie de estudios ecotoxicol\u00f3gicos con sucralosa a corto y largo plazo con plantas y animales.\u00a0Estos estudios siguen metodolog\u00edas validadas y aceptadas mundialmente.\u00a0 No se observaron efectos adversos (p. ej., supervivencia, crecimiento y reproducci\u00f3n) en estos estudios.\u00a0De hecho, las concentraciones de sucralosa utilizadas en estos estudios son superiores a las detectadas en el medioambiente.<\/p>\n<\/div><\/article><article  class=\"icon-content-box content-box icon-left icon-style-1\"><div class=\"icon-holder\"><span class=\"q icon-help-circled\"><\/span><\/div><div class=\"text-holder\"><h5 class=\"heading\">\u00bfLa sucralosa es t\u00f3xica para las plantas y la fauna?<\/h5> <p>No.\u00a0Se ha realizado una serie de estudios ecotoxicol\u00f3gicos con sucralosa a corto y largo plazo con plantas y animales.\u00a0 Estos estudios siguen metodolog\u00edas validadas y aceptadas mundialmente.\u00a0 No se observaron efectos adversos (p. ej., supervivencia, crecimiento y reproducci\u00f3n) en estos estudios.\u00a0 De hecho, las concentraciones de sucralosa utilizadas en estos estudios son superiores a las detectadas en el medioambiente.<\/p>\n<\/div><\/article>[\/vc_column][vc_column width=&#8221;1\/3&#8243; rt_column_shadow=&#8221;&#8221; rt_bg_image_repeat=&#8221;repeat&#8221; rt_bg_size=&#8221;auto auto&#8221; rt_bg_attachment=&#8221;scroll&#8221;][vc_single_image image=&#8221;6677&#8243; img_size=&#8221;300&#215;300&#8243; alignment=&#8221;center&#8221; style=&#8221;vc_box_shadow_3d&#8221; css_animation=&#8221;appear&#8221;][vc_column_text]\n<p style=\"text-align: center;\"><strong>Doctor Duane Huggett<br \/>\n<\/strong>Toxic\u00f3logo ambiental<br \/>\nAsesor cient\u00edfico del Consejo de Control de Calor\u00edas<\/p>\n[\/vc_column_text][vc_empty_space height=&#8221;50px&#8221;]<div class=\"rt_heading_wrapper no-style\">\n\t\t\t\t\t\t<h5 class=\"rt_heading  no-style\" >Referencias de respaldo:<\/h5>\n\t\t\t\t\t<\/div>[vc_column_text]Brorstr\u00f6m-Lund\u00e9n, E., Svenson, A., Viktor, T., Woldegiorgis, A., Remberger, M.,\u00a0Kaj, L., Dye, C., Bjerke, A., Schlabach, M. (2008). Measurements of Sucralose in the Swedish Screening Program 2007 -PART I; Sucralose in surface waters and STP samples. IVL Swedish Environmental Research Institute, Report No. B1769.<\/p>\n<p>Brorstr\u00f6m-Lund\u00e9n, E., Svenson, A., Viktor, T., Woldegiorgis, A., Remberger, M.,\u00a0 Kaj, L., Dye, C., Bjerke, A.; Schlabach, M. (2008). Measurements of Sucralose in the Swedish Screening program 2007. PART II; Sucralose in Biota samples and regional STP samples. IVL Swedish Environmental Research Institute, Report No. B1795.<\/p>\n<p>US FDA. (1999).\u00a0 Food Additives Permitted for Direct Addition to Food for Human Consumption: Sucralose.\u00a0 21 CFR Part 172, Docket No. 99F-0001.<\/p>\n<p>Tollefsen, K.E., Nizzrtto, L., Huggett, D.B. (2012).\u00a0 Presence, Fate and Effects of the Intense Sweetener Sucralose in the Aquatic Environment.\u00a0\u00a0<em>Science and the Total Environment<\/em>.\u00a0 438:510-516.[\/vc_column_text][\/vc_column][\/vc_row][vc_row rt_row_background_width=&#8221;fullwidth&#8221; rt_row_content_width=&#8221;default&#8221; rt_row_style=&#8221;alt-style-1&#8243; rt_column_placement=&#8221;middle&#8221; rt_row_borders=&#8221;top,bottom&#8221; rt_row_shadows=&#8221;top,bottom&#8221; rt_row_paddings=&#8221;true&#8221; rt_bg_effect=&#8221;classic&#8221; rt_bg_image_repeat=&#8221;repeat&#8221; rt_bg_size=&#8221;cover&#8221; rt_bg_position=&#8221;right top&#8221; rt_bg_attachment=&#8221;scroll&#8221; rt_bg_video_format=&#8221;self-hosted&#8221;][vc_column width=&#8221;1\/3&#8243; rt_column_shadow=&#8221;&#8221; rt_bg_image_repeat=&#8221;repeat&#8221; rt_bg_size=&#8221;auto auto&#8221; rt_bg_attachment=&#8221;scroll&#8221;][vc_single_image image=&#8221;6689&#8243; img_size=&#8221;medium&#8221; alignment=&#8221;center&#8221; style=&#8221;vc_box_shadow_3d&#8221; css_animation=&#8221;appear&#8221;][\/vc_column][vc_column width=&#8221;2\/3&#8243; rt_column_shadow=&#8221;&#8221; rt_bg_image_repeat=&#8221;repeat&#8221; rt_bg_size=&#8221;auto auto&#8221; rt_bg_attachment=&#8221;scroll&#8221;]<div class=\"rt_heading_wrapper style-5\">\n\t\t\t\t\t\t<h3 class=\"rt_heading  with_punchline style-5\" ><span class=\"punchline\">Sucralosa<\/span>Respuestas a tus preguntas<\/h3>\n\t\t\t\t\t<\/div>[vc_column_text]Te brindamos las respuestas a las preguntas frecuentes sobre el popular edulcorante de bajo contenido cal\u00f3rico: la sucralosa.[\/vc_column_text]<div class=\"button_wrapper alignright \"><a  href=\"\/es\/faqs\/\" target=\"_self\" title=\"Conoce m\u00e1s\" class=\"button_  color small\">Conoce m\u00e1s<\/a><\/div>[\/vc_column][\/vc_row][vc_row rt_row_background_width=&#8221;fullwidth&#8221; rt_row_content_width=&#8221;default&#8221; rt_row_style=&#8221;default-style&#8221; rt_row_borders=&#8221;&#8221; rt_row_shadows=&#8221;&#8221; rt_row_paddings=&#8221;true&#8221; rt_bg_effect=&#8221;classic&#8221; rt_bg_image_repeat=&#8221;repeat&#8221; rt_bg_size=&#8221;cover&#8221; rt_bg_position=&#8221;right top&#8221; rt_bg_attachment=&#8221;scroll&#8221; rt_bg_video_format=&#8221;self-hosted&#8221;][vc_column width=&#8221;1\/3&#8243; rt_column_shadow=&#8221;&#8221; rt_bg_image_repeat=&#8221;repeat&#8221; rt_bg_size=&#8221;auto auto&#8221; rt_bg_attachment=&#8221;scroll&#8221;]<article  class=\"image-content-box content-box box-style-1 left\"><div class=\"featured_image_holder\"><a href=\"\/es\/lo-que-dicen-los-expertos\/\" title=\"Conoce m\u00e1s\" target=\"_self\"><img decoding=\"async\" class=\"img-responsive\" src=\"https:\/\/sucraloseglobal.org\/wp-content\/uploads\/2018\/11\/AdobeStock_146105073-Copy.jpeg\" alt=\"\" \/><\/a><\/div><div class=\"text-holder\">\n\t<h4 class=\"heading\" >\n\t\t<a href=\"\/es\/lo-que-dicen-los-expertos\/\" title=\"Lo que dicen los expertos\" target=\"_self\" >\n\t\t\tLo que dicen los expertos\n\t\t<\/a>\n\t<\/h4> <p>Expertos cient\u00edficos de todo el mundo avalan la inocuidad de la sucralosa y la funci\u00f3n que cumple en los productos bajos en calor\u00edas como parte de la lucha contra los niveles de obesidad en aumento.<\/p>\n<a class=\"read_more\" href=\"\/es\/lo-que-dicen-los-expertos\/\" title=\"Conoce m\u00e1s\" target=\"_self\" >Conoce m\u00e1s<\/a><\/div><\/article>[\/vc_column][vc_column width=&#8221;1\/3&#8243; rt_column_shadow=&#8221;&#8221; rt_bg_image_repeat=&#8221;repeat&#8221; rt_bg_size=&#8221;auto auto&#8221; rt_bg_attachment=&#8221;scroll&#8221;]<article  class=\"image-content-box content-box box-style-1 left\"><div class=\"featured_image_holder\"><a href=\"\/es\/faqs\/\" title=\"Conoce m\u00e1s\" target=\"_self\"><img decoding=\"async\" class=\"img-responsive\" src=\"https:\/\/sucraloseglobal.org\/wp-content\/uploads\/2016\/01\/questions.png\" alt=\"\" \/><\/a><\/div><div class=\"text-holder\">\n\t<h4 class=\"heading\" >\n\t\t<a href=\"\/es\/faqs\/\" title=\"Preguntas frecuentes\" target=\"_self\" >\n\t\t\tPreguntas frecuentes\n\t\t<\/a>\n\t<\/h4> <p style=\"background: white; margin: 0in 0in 15.0pt 0in;\"><span lang=\"ES-MX\" style=\"font-size: 11.5pt; font-family: 'Open Sans',serif; color: #30302c;\">Te brindamos las respuestas a las preguntas frecuentes sobre el popular edulcorante de bajo contenido cal\u00f3rico: la sucralosa.<\/span><\/p>\n<a class=\"read_more\" href=\"\/es\/faqs\/\" title=\"Conoce m\u00e1s\" target=\"_self\" >Conoce m\u00e1s<\/a><\/div><\/article>[\/vc_column][vc_column width=&#8221;1\/3&#8243; rt_column_shadow=&#8221;&#8221; rt_bg_image_repeat=&#8221;repeat&#8221; rt_bg_size=&#8221;auto auto&#8221; rt_bg_attachment=&#8221;scroll&#8221;]<article  class=\"image-content-box content-box box-style-1 left\"><div class=\"featured_image_holder\"><a href=\"\/es\/about-sucralose\/\" title=\"Conoce m\u00e1s\" target=\"_self\"><img decoding=\"async\" class=\"img-responsive\" src=\"https:\/\/sucraloseglobal.org\/wp-content\/uploads\/2016\/10\/kids.png\" alt=\"\" \/><\/a><\/div><div class=\"text-holder\">\n\t<h4 class=\"heading\" >\n\t\t<a href=\"\/es\/about-sucralose\/\" title=\"Acerca de la sucralosa\" target=\"_self\" >\n\t\t\tAcerca de la sucralosa\n\t\t<\/a>\n\t<\/h4> <p style=\"background: white; margin: 0in 0in 15.0pt 0in;\"><span lang=\"ES-MX\" style=\"font-size: 11.5pt; font-family: 'Open Sans',serif; color: #30302c;\">La sucralosa tiene una historia muy interesante con muchos vericuetos desde su aprobaci\u00f3n hace m\u00e1s de 20\u00a0a\u00f1os.<\/span><\/p>\n<a class=\"read_more\" href=\"\/es\/about-sucralose\/\" title=\"Conoce m\u00e1s\" target=\"_self\" >Conoce m\u00e1s<\/a><\/div><\/article>[\/vc_column][\/vc_row]\n","protected":false},"excerpt":{"rendered":"<p>[vc_row rt_row_background_width=&#8221;fullwidth&#8221; rt_row_content_width=&#8221;default&#8221; rt_row_style=&#8221;light-style&#8221; rt_row_borders=&#8221;&#8221; rt_row_shadows=&#8221;&#8221; rt_row_paddings=&#8221;true&#8221; rt_bg_effect=&#8221;parallax&#8221; rt_bg_parallax_effect=&#8221;1&#8243; rt_bg_image_repeat=&#8221;repeat&#8221; rt_bg_size=&#8221;cover&#8221; rt_bg_position=&#8221;center bottom&#8221; rt_bg_video_format=&#8221;self-hosted&#8221; rt_padding_top=&#8221;80&#8243; rt_padding_bottom=&#8221;0&#8243; rt_grid=&#8221;&#8221; rt_bg_color=&#8221;#ffed4a&#8221; rt_bg_overlay_color=&#8221;rgba(255,237,74,0.5)&#8221; rt_bg_image=&#8221;1911&#8243;][vc_column rt_column_shadow=&#8221;&#8221; rt_bg_image_repeat=&#8221;repeat&#8221; rt_bg_size=&#8221;auto auto&#8221; rt_bg_attachment=&#8221;scroll&#8221;][vc_empty_space height=&#8221;40px&#8221;][vc_column_text] [\/vc_column_text][\/vc_column][\/vc_row][vc_row rt_row_background_width=&#8221;fullwidth&#8221; rt_row_content_width=&#8221;default&#8221; rt_row_style=&#8221;default-style&#8221; rt_row_borders=&#8221;&#8221; rt_row_shadows=&#8221;&#8221; rt_row_paddings=&#8221;true&#8221; rt_bg_effect=&#8221;classic&#8221; rt_bg_image_repeat=&#8221;repeat&#8221; rt_bg_size=&#8221;cover&#8221; rt_bg_position=&#8221;right top&#8221; rt_bg_attachment=&#8221;scroll&#8221; rt_bg_video_format=&#8221;self-hosted&#8221; rt_padding_bottom=&#8221;60&#8243;][vc_column width=&#8221;2\/3&#8243; rt_column_shadow=&#8221;&#8221; rt_bg_image_repeat=&#8221;repeat&#8221; rt_bg_size=&#8221;auto auto&#8221; rt_bg_attachment=&#8221;scroll&#8221;][\/vc_column][vc_column width=&#8221;1\/3&#8243; rt_column_shadow=&#8221;&#8221; rt_bg_image_repeat=&#8221;repeat&#8221; rt_bg_size=&#8221;auto auto&#8221; rt_bg_attachment=&#8221;scroll&#8221;][vc_single_image image=&#8221;6677&#8243; img_size=&#8221;300&#215;300&#8243; &#8230; <a class=\"more-link\" href=\"https:\/\/sucraloseglobal.org\/es\/sucralosa-y-medioambiente\/\">Continue reading<\/a><\/p>\n","protected":false},"author":3,"featured_media":0,"parent":0,"menu_order":0,"comment_status":"closed","ping_status":"closed","template":"","meta":{"footnotes":""},"class_list":["post-11012","page","type-page","status-publish","hentry"],"_links":{"self":[{"href":"https:\/\/sucraloseglobal.org\/es\/wp-json\/wp\/v2\/pages\/11012\/"}],"collection":[{"href":"https:\/\/sucraloseglobal.org\/es\/wp-json\/wp\/v2\/pages\/"}],"about":[{"href":"https:\/\/sucraloseglobal.org\/es\/wp-json\/wp\/v2\/types\/page\/"}],"author":[{"embeddable":true,"href":"https:\/\/sucraloseglobal.org\/es\/wp-json\/wp\/v2\/users\/3\/"}],"replies":[{"embeddable":true,"href":"https:\/\/sucraloseglobal.org\/es\/wp-json\/wp\/v2\/comments\/?post=11012"}],"version-history":[{"count":0,"href":"https:\/\/sucraloseglobal.org\/es\/wp-json\/wp\/v2\/pages\/11012\/revisions\/"}],"wp:attachment":[{"href":"https:\/\/sucraloseglobal.org\/es\/wp-json\/wp\/v2\/media\/?parent=11012"}],"curies":[{"name":"wp","href":"https:\/\/api.w.org\/{rel}","templated":true}]}}