{"id":11030,"date":"2018-11-02T14:59:23","date_gmt":"2018-11-02T14:59:23","guid":{"rendered":"https:\/\/sucralose.kellendev.com\/?page_id=11030"},"modified":"2018-11-09T14:40:00","modified_gmt":"2018-11-09T14:40:00","slug":"acerca-de-la-sucralosa","status":"publish","type":"page","link":"https:\/\/sucraloseglobal.org\/es\/acerca-de-la-sucralosa\/","title":{"rendered":"Acerca de la sucralosa"},"content":{"rendered":"[vc_row rt_row_background_width=&#8221;fullwidth&#8221; rt_row_content_width=&#8221;default&#8221; rt_row_style=&#8221;light-style&#8221; rt_row_borders=&#8221;&#8221; rt_row_shadows=&#8221;&#8221; rt_row_paddings=&#8221;true&#8221; rt_bg_effect=&#8221;parallax&#8221; rt_bg_parallax_effect=&#8221;1&#8243; rt_bg_image_repeat=&#8221;repeat&#8221; rt_bg_size=&#8221;cover&#8221; rt_bg_position=&#8221;center bottom&#8221; rt_bg_video_format=&#8221;self-hosted&#8221; rt_padding_top=&#8221;80&#8243; rt_padding_bottom=&#8221;0&#8243; rt_grid=&#8221;&#8221; rt_bg_color=&#8221;#ffed4a&#8221; rt_bg_overlay_color=&#8221;rgba(255,237,74,0.5)&#8221; rt_bg_image=&#8221;1911&#8243;][vc_column rt_column_shadow=&#8221;&#8221; rt_bg_image_repeat=&#8221;repeat&#8221; rt_bg_size=&#8221;auto auto&#8221; rt_bg_attachment=&#8221;scroll&#8221;][vc_empty_space height=&#8221;40px&#8221;]<div class=\"rt_heading_wrapper no-style\">\n\t\t\t\t\t\t<h1 class=\"rt_heading  no-style\"  style=\"font-size:50px;line-height:50px;letter-spacing:2px;\">\u00bfQu\u00e9 es la sucralosa?<\/h1>\n\t\t\t\t\t<\/div>[vc_column_text]\n[\/vc_column_text][\/vc_column][\/vc_row][vc_row rt_row_background_width=&#8221;fullwidth&#8221; rt_row_content_width=&#8221;default&#8221; rt_row_style=&#8221;default-style&#8221; rt_row_borders=&#8221;&#8221; rt_row_shadows=&#8221;&#8221; rt_row_paddings=&#8221;true&#8221; rt_bg_effect=&#8221;classic&#8221; rt_bg_image_repeat=&#8221;repeat&#8221; rt_bg_size=&#8221;cover&#8221; rt_bg_position=&#8221;right top&#8221; rt_bg_attachment=&#8221;scroll&#8221; rt_bg_video_format=&#8221;self-hosted&#8221; rt_padding_bottom=&#8221;60&#8243;][vc_column rt_column_shadow=&#8221;&#8221; rt_bg_image_repeat=&#8221;repeat&#8221; rt_bg_size=&#8221;auto auto&#8221; rt_bg_attachment=&#8221;scroll&#8221;][vc_row_inner rt_row_style=&#8221;global-style&#8221; rt_bg_custom_alignment=&#8221;top&#8221;][vc_column_inner width=&#8221;2\/3&#8243; rt_column_shadow=&#8221;&#8221; rt_bg_image_repeat=&#8221;repeat&#8221; rt_bg_size=&#8221;auto auto&#8221; rt_bg_attachment=&#8221;scroll&#8221;][vc_column_text]\n<p style=\"background: white; margin: 0in 0in 15.0pt 0in;\"><span lang=\"ES\" style=\"font-size: 11.5pt; font-family: 'Open Sans',serif; color: #30302c;\">La sucralosa (reconocida por muchos como Splenda\u00ae) es un edulcorante sin calor\u00edas que se usa en m\u00e1s de 5000 alimentos y bebidas en todo el mundo. Como la obesidad es cada vez m\u00e1s com\u00fan, en muchas pautas alimentarias se recomienda a los consumidores que elijan alimentos y bebidas que moderen su ingesta de az\u00facares. Los productos edulcorados con sucralosa pueden ayudar a los consumidores a lograr esta meta al reducir la cantidad de az\u00facares agregados y calor\u00edas en su dieta.<\/span><\/p>\n<p style=\"background: white; margin: 0in 0in 15.0pt 0in;\"><span lang=\"ES\" style=\"font-size: 11.5pt; font-family: 'Open Sans',serif; color: #30302c;\">La sucralosa es \u00fatil para las personas que disfrutan de los alimentos dulces, pero que est\u00e1n tratando de reducir la cantidad de calor\u00edas que consumen o la cantidad de az\u00facar en su dieta. Tambi\u00e9n es un edulcorante ideal para las personas con diabetes.<\/span><\/p>\n<p style=\"margin: 0in; margin-bottom: .0001pt; background: white;\"><span lang=\"ES\" style=\"font-size: 11.5pt; font-family: 'Open Sans',serif; color: #30302c;\">Millones de consumidores en todo el mundo han estado disfrutando de los productos edulcorados con sucralosa desde que se introdujo por primera vez en el mercado hace m\u00e1s de 20 a\u00f1os. Expertos m\u00e9dicos reconocidos apoyan la seguridad de la sucralosa, bas\u00e1ndose en el extenso conjunto de evidencia cient\u00edfica.<\/span><\/p>\n[\/vc_column_text][\/vc_column_inner][vc_column_inner width=&#8221;1\/3&#8243; rt_column_shadow=&#8221;&#8221; rt_bg_image_repeat=&#8221;repeat&#8221; rt_bg_size=&#8221;auto auto&#8221; rt_bg_attachment=&#8221;scroll&#8221;]<article  class=\"icon-content-box content-box icon-left icon-style-1\"><div class=\"icon-holder\"><\/div><div class=\"text-holder\"><h6 class=\"heading\">\u00bfQu\u00e9 es la sucralosa?<\/h6> <p>El edulcorante sucralosa, reconocido por muchos como Splenda\u00ae, es usado en distintos tipos de alimentos y bebidas por millones de personas en todo el mundo, y gusta por su sabor dulce sin calor\u00edas. Como sustituto del az\u00facar, la sucralosa beneficia a las personas con diabetes y a aquellas que est\u00e1n tratando de controlar su peso.<\/p>\n<\/div><\/article>[\/vc_column_inner][\/vc_row_inner][\/vc_column][\/vc_row][vc_row rt_row_background_width=&#8221;fullwidth&#8221; rt_row_content_width=&#8221;default&#8221; rt_row_style=&#8221;default-style&#8221; rt_row_borders=&#8221;&#8221; rt_row_shadows=&#8221;&#8221; rt_row_paddings=&#8221;true&#8221; rt_bg_effect=&#8221;classic&#8221; rt_bg_image_repeat=&#8221;repeat&#8221; rt_bg_size=&#8221;cover&#8221; rt_bg_position=&#8221;right top&#8221; rt_bg_attachment=&#8221;scroll&#8221; rt_bg_video_format=&#8221;self-hosted&#8221;][vc_column width=&#8221;1\/3&#8243; rt_column_shadow=&#8221;&#8221; rt_bg_image_repeat=&#8221;repeat&#8221; rt_bg_size=&#8221;auto auto&#8221; rt_bg_attachment=&#8221;scroll&#8221;]<article  class=\"image-content-box content-box box-style-1 left\"><div class=\"featured_image_holder\"><a href=\"\/es\/sucralose-facts\/\" title=\"Aprenda m\u00e1s\" target=\"_self\"><img decoding=\"async\" class=\"img-responsive\" src=\"https:\/\/sucraloseglobal.org\/wp-content\/uploads\/2016\/01\/drink.jpg\" alt=\"\" \/><\/a><\/div><div class=\"text-holder\">\n\t<h4 class=\"heading\" >\n\t\t<a href=\"\/es\/sucralose-facts\/\" title=\"Datos sobre la sucralosa\" target=\"_self\" >\n\t\t\tDatos sobre la sucralosa\n\t\t<\/a>\n\t<\/h4> <p>Separe la verdad de la ficci\u00f3n con respecto a los mitos m\u00e1s comunes sobre la sucralosa.<\/p>\n<a class=\"read_more\" href=\"\/es\/sucralose-facts\/\" title=\"Aprenda m\u00e1s\" target=\"_self\" >Aprenda m\u00e1s<\/a><\/div><\/article>[\/vc_column][vc_column width=&#8221;1\/3&#8243; rt_column_shadow=&#8221;&#8221; rt_bg_image_repeat=&#8221;repeat&#8221; rt_bg_size=&#8221;auto auto&#8221; rt_bg_attachment=&#8221;scroll&#8221;]<article  class=\"image-content-box content-box box-style-1 left\"><div class=\"featured_image_holder\"><a href=\"\/es\/what-the-experts-say\/\" title=\"Aprenda m\u00e1s\" target=\"_self\"><img decoding=\"async\" class=\"img-responsive\" src=\"https:\/\/sucraloseglobal.org\/wp-content\/uploads\/2018\/11\/AdobeStock_146105073-edited-1.jpg\" alt=\"\" \/><\/a><\/div><div class=\"text-holder\">\n\t<h4 class=\"heading\" >\n\t\t<a href=\"\/es\/what-the-experts-say\/\" title=\"\u00bfDeber\u00eda evitar la sucralosa?\" target=\"_self\" >\n\t\t\t\u00bfDeber\u00eda evitar la sucralosa?\n\t\t<\/a>\n\t<\/h4> <p>Expertos cient\u00edficos de todo el mundo apoyan la seguridad de la sucralosa y su rol en los productos de calor\u00edas reducidas, como parte de la lucha contra los crecientes niveles de obesidad.<\/p>\n<a class=\"read_more\" href=\"\/es\/what-the-experts-say\/\" title=\"Aprenda m\u00e1s\" target=\"_self\" >Aprenda m\u00e1s<\/a><\/div><\/article>[\/vc_column][vc_column width=&#8221;1\/3&#8243; rt_column_shadow=&#8221;&#8221; rt_bg_image_repeat=&#8221;repeat&#8221; rt_bg_size=&#8221;auto auto&#8221; rt_bg_attachment=&#8221;scroll&#8221;]<article  class=\"image-content-box content-box box-style-1 left\"><div class=\"featured_image_holder\"><a href=\"\/es\/sucralose-benefits\/\" title=\"Aprenda m\u00e1s\" target=\"_self\"><img decoding=\"async\" class=\"img-responsive\" src=\"https:\/\/sucraloseglobal.org\/wp-content\/uploads\/2016\/10\/kids.png\" alt=\"\" \/><\/a><\/div><div class=\"text-holder\">\n\t<h4 class=\"heading\" >\n\t\t<a href=\"\/es\/sucralose-benefits\/\" title=\"\u00bfCu\u00e1les son los beneficios?\" target=\"_self\" >\n\t\t\t\u00bfCu\u00e1les son los beneficios?\n\t\t<\/a>\n\t<\/h4> <p style=\"background: white; margin: 0in 0in 15.0pt 0in;\">Sustituir el az\u00facar u otros edulcorantes cal\u00f3ricos con sucralosa permite que las personas satisfagan sus antojos de algo dulce consumiendo menos calor\u00edas.<\/p>\n<a class=\"read_more\" href=\"\/es\/sucralose-benefits\/\" title=\"Aprenda m\u00e1s\" target=\"_self\" >Aprenda m\u00e1s<\/a><\/div><\/article>[\/vc_column][\/vc_row]\n","protected":false},"excerpt":{"rendered":"<p>[vc_row rt_row_background_width=&#8221;fullwidth&#8221; rt_row_content_width=&#8221;default&#8221; rt_row_style=&#8221;light-style&#8221; rt_row_borders=&#8221;&#8221; rt_row_shadows=&#8221;&#8221; rt_row_paddings=&#8221;true&#8221; rt_bg_effect=&#8221;parallax&#8221; rt_bg_parallax_effect=&#8221;1&#8243; rt_bg_image_repeat=&#8221;repeat&#8221; rt_bg_size=&#8221;cover&#8221; rt_bg_position=&#8221;center bottom&#8221; rt_bg_video_format=&#8221;self-hosted&#8221; rt_padding_top=&#8221;80&#8243; rt_padding_bottom=&#8221;0&#8243; rt_grid=&#8221;&#8221; rt_bg_color=&#8221;#ffed4a&#8221; rt_bg_overlay_color=&#8221;rgba(255,237,74,0.5)&#8221; rt_bg_image=&#8221;1911&#8243;][vc_column rt_column_shadow=&#8221;&#8221; rt_bg_image_repeat=&#8221;repeat&#8221; rt_bg_size=&#8221;auto auto&#8221; rt_bg_attachment=&#8221;scroll&#8221;][vc_empty_space height=&#8221;40px&#8221;][vc_column_text] [\/vc_column_text][\/vc_column][\/vc_row][vc_row rt_row_background_width=&#8221;fullwidth&#8221; rt_row_content_width=&#8221;default&#8221; rt_row_style=&#8221;default-style&#8221; rt_row_borders=&#8221;&#8221; rt_row_shadows=&#8221;&#8221; rt_row_paddings=&#8221;true&#8221; rt_bg_effect=&#8221;classic&#8221; rt_bg_image_repeat=&#8221;repeat&#8221; rt_bg_size=&#8221;cover&#8221; rt_bg_position=&#8221;right top&#8221; rt_bg_attachment=&#8221;scroll&#8221; rt_bg_video_format=&#8221;self-hosted&#8221; rt_padding_bottom=&#8221;60&#8243;][vc_column rt_column_shadow=&#8221;&#8221; rt_bg_image_repeat=&#8221;repeat&#8221; rt_bg_size=&#8221;auto auto&#8221; rt_bg_attachment=&#8221;scroll&#8221;][vc_row_inner rt_row_style=&#8221;global-style&#8221; rt_bg_custom_alignment=&#8221;top&#8221;][vc_column_inner width=&#8221;2\/3&#8243; rt_column_shadow=&#8221;&#8221; rt_bg_image_repeat=&#8221;repeat&#8221; rt_bg_size=&#8221;auto auto&#8221; rt_bg_attachment=&#8221;scroll&#8221;][vc_column_text] La &#8230; <a class=\"more-link\" href=\"https:\/\/sucraloseglobal.org\/es\/acerca-de-la-sucralosa\/\">Continue reading<\/a><\/p>\n","protected":false},"author":3,"featured_media":0,"parent":0,"menu_order":0,"comment_status":"closed","ping_status":"closed","template":"","meta":{"footnotes":""},"class_list":["post-11030","page","type-page","status-publish","hentry"],"_links":{"self":[{"href":"https:\/\/sucraloseglobal.org\/es\/wp-json\/wp\/v2\/pages\/11030\/"}],"collection":[{"href":"https:\/\/sucraloseglobal.org\/es\/wp-json\/wp\/v2\/pages\/"}],"about":[{"href":"https:\/\/sucraloseglobal.org\/es\/wp-json\/wp\/v2\/types\/page\/"}],"author":[{"embeddable":true,"href":"https:\/\/sucraloseglobal.org\/es\/wp-json\/wp\/v2\/users\/3\/"}],"replies":[{"embeddable":true,"href":"https:\/\/sucraloseglobal.org\/es\/wp-json\/wp\/v2\/comments\/?post=11030"}],"version-history":[{"count":0,"href":"https:\/\/sucraloseglobal.org\/es\/wp-json\/wp\/v2\/pages\/11030\/revisions\/"}],"wp:attachment":[{"href":"https:\/\/sucraloseglobal.org\/es\/wp-json\/wp\/v2\/media\/?parent=11030"}],"curies":[{"name":"wp","href":"https:\/\/api.w.org\/{rel}","templated":true}]}}