{"id":11049,"date":"2018-11-02T17:28:47","date_gmt":"2018-11-02T17:28:47","guid":{"rendered":"https:\/\/sucralose.kellendev.com\/?page_id=11049"},"modified":"2018-11-09T14:42:01","modified_gmt":"2018-11-09T14:42:01","slug":"cosa-dicono-gli-esperti","status":"publish","type":"page","link":"https:\/\/sucraloseglobal.org\/it\/cosa-dicono-gli-esperti\/","title":{"rendered":"Cosa dicono gli esperti"},"content":{"rendered":"[vc_row rt_row_background_width=&#8221;fullwidth&#8221; rt_row_content_width=&#8221;default&#8221; rt_row_style=&#8221;light-style&#8221; rt_row_borders=&#8221;&#8221; rt_row_shadows=&#8221;&#8221; rt_row_paddings=&#8221;true&#8221; rt_bg_effect=&#8221;parallax&#8221; rt_bg_parallax_effect=&#8221;1&#8243; rt_bg_image_repeat=&#8221;repeat&#8221; rt_bg_size=&#8221;cover&#8221; rt_bg_position=&#8221;center bottom&#8221; rt_bg_video_format=&#8221;self-hosted&#8221; rt_padding_top=&#8221;80&#8243; rt_padding_bottom=&#8221;0&#8243; rt_grid=&#8221;&#8221; rt_bg_color=&#8221;#ffed4a&#8221; rt_bg_overlay_color=&#8221;rgba(255,237,74,0.5)&#8221; rt_bg_image=&#8221;1911&#8243;][vc_column rt_column_shadow=&#8221;&#8221; rt_bg_image_repeat=&#8221;repeat&#8221; rt_bg_size=&#8221;auto auto&#8221; rt_bg_attachment=&#8221;scroll&#8221;][vc_empty_space height=&#8221;40px&#8221;]<div class=\"rt_heading_wrapper no-style\">\n\t\t\t\t\t\t<h1 class=\"rt_heading  no-style\"  style=\"font-size:50px;line-height:50px;letter-spacing:2px;\">Cosa dicono gli esperti<\/h1>\n\t\t\t\t\t<\/div>[vc_column_text]\n[\/vc_column_text][\/vc_column][\/vc_row][vc_row rt_row_background_width=&#8221;fullwidth&#8221; rt_row_content_width=&#8221;default&#8221; rt_row_style=&#8221;default-style&#8221; rt_row_borders=&#8221;&#8221; rt_row_shadows=&#8221;&#8221; rt_row_paddings=&#8221;true&#8221; rt_bg_effect=&#8221;classic&#8221; rt_bg_image_repeat=&#8221;repeat&#8221; rt_bg_size=&#8221;cover&#8221; rt_bg_position=&#8221;right top&#8221; rt_bg_attachment=&#8221;scroll&#8221; rt_bg_video_format=&#8221;self-hosted&#8221; rt_padding_bottom=&#8221;0&#8243;][vc_column rt_column_shadow=&#8221;&#8221; rt_bg_image_repeat=&#8221;repeat&#8221; rt_bg_size=&#8221;auto auto&#8221; rt_bg_attachment=&#8221;scroll&#8221;][vc_column_text]<strong>Gli esperti scientifici di tutto il mondo sostengono la sicurezza del sucralosio e il suo ruolo nella lotta contro l\u2019aumento dell\u2019obesit\u00e0 grazie al suo utilizzo in prodotti a basso contenuto calorico. Di seguito sono riportate alcune citazioni riguardo ai benefici e alla sicurezza del sucralosio:<\/strong>[\/vc_column_text][vc_empty_space][vc_row_inner rt_row_style=&#8221;global-style&#8221; rt_bg_custom_alignment=&#8221;top&#8221;][vc_column_inner width=&#8221;1\/2&#8243; rt_column_shadow=&#8221;&#8221; rt_bg_image_repeat=&#8221;repeat&#8221; rt_bg_size=&#8221;auto auto&#8221; rt_bg_attachment=&#8221;scroll&#8221;]<div class=\"rt_quote\"  >\n\t\t\t\t\t\t\t<p>\n\t\t\t\t\t\t\t\t<span class=\"icon-quote-left\"><\/span>\n\t\t\t\t\t\t\t\tPer determinare la sicurezza del sucralosio, l\u2019FDA ha esaminato i dati provenienti da pi\u00f9 di 110 studi sugli esseri umani e negli animali. Molti di questi studi sono stati progettati per identificare possibili effetti tossici compresi quelli cancerogeni, riproduttivi e neurologici. Nessun effetto \u00e8 stato rilevato e l\u2019approvazione dell\u2019FDA si basa sulla constatazione che il sucralosio \u00e8 sicuro per il consumo umano.\n\t\t\t\t\t\t\t\t<span class=\"icon-quote-right\"><\/span>\n\t\t\t\t\t\t\t<\/p>\n\t\t\t\t\t\t\t<div class=\"author_info\">\n\t\t\t\t\t\t<span>FDA Talk Paper T98-16.<\/span> \n\t\t\t\t\t<\/div>\n\t\t\t\t\t<\/div>[\/vc_column_inner][vc_column_inner width=&#8221;1\/2&#8243; rt_column_shadow=&#8221;&#8221; rt_bg_image_repeat=&#8221;repeat&#8221; rt_bg_size=&#8221;auto auto&#8221; rt_bg_attachment=&#8221;scroll&#8221;]<div class=\"rt_quote\"  >\n\t\t\t\t\t\t\t<p>\n\t\t\t\t\t\t\t\t<span class=\"icon-quote-left\"><\/span>\n\t\t\t\t\t\t\t\tCi sono abbastanza prove, [per il sucralosio], che non vi sono preoccupazioni riguardo alla mutagenicit\u00e0, la cancerogenicit\u00e0, lo sviluppo o la tossicit\u00e0 riproduttiva.\n\t\t\t\t\t\t\t\t<span class=\"icon-quote-right\"><\/span>\n\t\t\t\t\t\t\t<\/p>\n\t\t\t\t\t\t\t<div class=\"author_info\">\n\t\t\t\t\t\t<span>Parere del Comitato scientifico per i prodotti alimentari della Commissione europea sul sucralosio, 7 settembre 2000<\/span> \n\t\t\t\t\t<\/div>\n\t\t\t\t\t<\/div>[\/vc_column_inner][\/vc_row_inner][vc_empty_space][vc_row_inner rt_row_style=&#8221;global-style&#8221; rt_bg_custom_alignment=&#8221;top&#8221;][vc_column_inner width=&#8221;1\/2&#8243; rt_column_shadow=&#8221;&#8221; rt_bg_image_repeat=&#8221;repeat&#8221; rt_bg_size=&#8221;auto auto&#8221; rt_bg_attachment=&#8221;scroll&#8221;]<div class=\"rt_quote\"  >\n\t\t\t\t\t\t\t<p>\n\t\t\t\t\t\t\t\t<span class=\"icon-quote-left\"><\/span>\n\t\t\t\t\t\t\t\tNegli Stati Uniti, tutti i dolcificanti a basso contenuto calorico hanno subito numerosi test prima di essere approvati. I risultati hanno dimostrato che i dolcificanti ipocalorici sono sicuri per tutti, compresi i bambini e le donne in stato di gravidanza. Il sucralosio il dolcificante ipocalorico pi\u00f9 nuovo sul mercato. Il sucralosio non \u00e8 influenzato dal calore e mantiene la sua dolcezza in bevande calde, prodotti da forno e alimenti trasformati.\n\t\t\t\t\t\t\t\t<span class=\"icon-quote-right\"><\/span>\n\t\t\t\t\t\t\t<\/p>\n\t\t\t\t\t\t\t<div class=\"author_info\">\n\t\t\t\t\t\t<span>American Diabetes Association<\/span> \n\t\t\t\t\t<\/div>\n\t\t\t\t\t<\/div>[\/vc_column_inner][vc_column_inner width=&#8221;1\/2&#8243; rt_column_shadow=&#8221;&#8221; rt_bg_image_repeat=&#8221;repeat&#8221; rt_bg_size=&#8221;auto auto&#8221; rt_bg_attachment=&#8221;scroll&#8221;]<div class=\"rt_quote\"  >\n\t\t\t\t\t\t\t<p>\n\t\t\t\t\t\t\t\t<span class=\"icon-quote-left\"><\/span>\n\t\t\t\t\t\t\t\tNel 1998, il sucralosio \u00e8 stato approvato dall\u2019FDA come dolcificante da tavola, e nel 1999 come dolcificante generico. Prima di approvare il sucralosio, l\u2019FDA ha preso in visione pi\u00f9 di 100 studi di sicurezza, compresi gli studi per valutare il rischio di cancro. I risultati di questi studi non hanno mostrato alcuna evidenza che questi dolcificanti causano il cancro o rappresentino qualsiasi altra minaccia per la salute umana.\n\t\t\t\t\t\t\t\t<span class=\"icon-quote-right\"><\/span>\n\t\t\t\t\t\t\t<\/p>\n\t\t\t\t\t\t\t<div class=\"author_info\">\n\t\t\t\t\t\t<span>National Cancer Institute<\/span> \n\t\t\t\t\t<\/div>\n\t\t\t\t\t<\/div>[\/vc_column_inner][\/vc_row_inner][vc_empty_space][\/vc_column][\/vc_row][vc_row rt_row_background_width=&#8221;fullwidth&#8221; rt_row_content_width=&#8221;default&#8221; rt_row_style=&#8221;alt-style-2&#8243; rt_row_borders=&#8221;top,bottom&#8221; rt_row_shadows=&#8221;&#8221; rt_row_paddings=&#8221;true&#8221; rt_bg_effect=&#8221;classic&#8221; rt_bg_image_repeat=&#8221;repeat&#8221; rt_bg_size=&#8221;cover&#8221; rt_bg_position=&#8221;right top&#8221; rt_bg_attachment=&#8221;scroll&#8221; rt_bg_video_format=&#8221;self-hosted&#8221;][vc_column rt_column_shadow=&#8221;&#8221; rt_bg_image_repeat=&#8221;repeat&#8221; rt_bg_size=&#8221;auto auto&#8221; rt_bg_attachment=&#8221;scroll&#8221;]<div class=\"rt_heading_wrapper style-3\">\n\t\t\t\t\t\t<h4 class=\"rt_heading  style-3\" >Per ulteriori informazioni riguardo al sucralosio visita:<\/h4>\n\t\t\t\t\t<\/div>[vc_row_inner rt_row_style=&#8221;global-style&#8221; rt_bg_custom_alignment=&#8221;top&#8221;][vc_column_inner width=&#8221;1\/3&#8243; rt_column_shadow=&#8221;&#8221; rt_bg_image_repeat=&#8221;repeat&#8221; rt_bg_size=&#8221;auto auto&#8221; rt_bg_attachment=&#8221;scroll&#8221;]<div class=\"rt_heading_wrapper no-style\">\n\t\t\t\t\t\t<h6 class=\"rt_heading  no-style\" >Organizzazioni scientifiche e sanitarie<\/h6>\n\t\t\t\t\t<\/div>[\/vc_column_inner][vc_column_inner width=&#8221;1\/3&#8243; rt_column_shadow=&#8221;&#8221; rt_bg_image_repeat=&#8221;repeat&#8221; rt_bg_size=&#8221;auto auto&#8221; rt_bg_attachment=&#8221;scroll&#8221;][vc_column_text]\n<ul>\n<li><strong><a href=\"http:\/\/forecast.diabetes.org\/magazine\/food-thought\/size-your-sweetener-options\">I dolcificanti e i dessert<\/a><\/strong><br \/>\n<em>American Diabetes Association<\/em><\/li>\n<li><strong><a href=\"http:\/\/www.heart.org\/HEARTORG\/GettingHealthy\/NutritionCenter\/Artificial-Sweeteners_UCM_305880_Article.jsp#.Tz6hpE42-u\" target=\"_blank\" rel=\"noopener\">Dolcificanti artificial<\/a><\/strong><br \/>\n<em>American Heart Association<\/em><\/li>\n<li><u><\/u><strong><u>Uso di dolcificanti nutrienti e non nutrienti<\/u><\/strong><br \/>\n<u><\/u><em>Accademia di nutrizione e dietetica<\/em><\/li>\n<li><strong><a href=\"http:\/\/www.aafp.org\/afp\/20050401\/1321ph.html\">Gravidanza:<\/a><a href=\"http:\/\/www.aafp.org\/afp\/20050401\/1321ph.html\"> Mantenere sani te stessa e il tuo bambino<\/a><\/strong><br \/>\n<em>American Academy of Family Physicians<\/em><\/li>\n<li><a href=\"https:\/\/www.diabetes.org.uk\/Guide-to-diabetes\/Enjoy-food\/Carbohydrates-and-diabetes\/Sugar-sweeteners-and-diabetes\/\"><strong>Zuccheri, dolcificanti e il diabete<\/strong><\/a><br \/>\n<em>Diabetes UK<\/em><\/li>\n<li><strong><a href=\"http:\/\/www.diabetes.ca\/diabetes-and-you\/healthy-living-resources\/diet-nutrition\/sugar-sweeteners\">Zuccheri e dolcificanti<\/a><\/strong><br \/>\n<em>Canadian Diabetes Association<\/em><\/li>\n<\/ul>\n[\/vc_column_text][\/vc_column_inner][vc_column_inner width=&#8221;1\/3&#8243; rt_column_shadow=&#8221;&#8221; rt_bg_image_repeat=&#8221;repeat&#8221; rt_bg_size=&#8221;auto auto&#8221; rt_bg_attachment=&#8221;scroll&#8221;][vc_column_text]\n<ul>\n<li><strong><a href=\"http:\/\/www.mayoclinic.org\/artificial-sweeteners\/ART-20046936\">I sostituti dello zucchero<\/a><\/strong><br \/>\n<em>Mayo Clinic<\/em><\/li>\n<li><strong><a href=\"http:\/\/familydoctor.org\/familydoctor\/en\/prevention-wellness\/food-nutrition\/sugar-and-substitutes\/sugar-substitutes-what-you-need-to-know\/sucralose.html\">I sostituti dello zucchero | sucralosio<\/a><\/strong><br \/>\n<em>FamilyDoctor.org<\/em><\/li>\n<li><strong><a href=\"http:\/\/www.mayoclinic.org\/diseases-conditions\/diabetes\/expert-answers\/artificial-sweeteners\/FAQ-20058038\">Dolcificanti artificiali:<\/a><a href=\"http:\/\/www.mayoclinic.org\/diseases-conditions\/diabetes\/expert-answers\/artificial-sweeteners\/FAQ-20058038\"> Incidono sui livelli di zucchero nel sangue?<\/a><\/strong><br \/>\n<em>Mayo Clinic<\/em><\/li>\n<li><strong><a href=\"http:\/\/www.cancer.gov\/cancertopics\/factsheet\/Risk\/artificial-sweeteners\">Domande e risposte sui dolcificanti artificiali<\/a><\/strong><br \/>\n<em>National Cancer Institute<\/em><\/li>\n<li>La posizione dell&#8217;Academy of Nutrition and Dietetics:\u00a0L\u2019uso di dolcificanti nutrienti e non nutrienti.\u00a02004; 104 (2), pp. 255-275.<\/li>\n<li>Nel1998, l\u2019FDA degli Stati Uniti ha approvato il sucralosio per l\u2019uso in 15 categorie di generi alimentari e bevande, la pi\u00f9 ampia approvazione iniziale mai data un additivo alimentare. Poi, nel mese di agosto1999, l\u2019FDA ha esteso l\u2019approvazione del sucralosio includendo l\u2019uso come dolcificante generico in tutti gli alimenti e bevande.<\/li>\n<\/ul>\n[\/vc_column_text][\/vc_column_inner][\/vc_row_inner][vc_empty_space][vc_row_inner rt_row_style=&#8221;global-style&#8221; rt_bg_custom_alignment=&#8221;top&#8221;][vc_column_inner width=&#8221;1\/3&#8243; rt_column_shadow=&#8221;&#8221; rt_bg_image_repeat=&#8221;repeat&#8221; rt_bg_size=&#8221;auto auto&#8221; rt_bg_attachment=&#8221;scroll&#8221;]<div class=\"rt_heading_wrapper no-style\">\n\t\t\t\t\t\t<h6 class=\"rt_heading  no-style\" >Informazioni sul prodotto e il dolcificante<\/h6>\n\t\t\t\t\t<\/div>[\/vc_column_inner][vc_column_inner width=&#8221;1\/3&#8243; rt_column_shadow=&#8221;&#8221; rt_bg_image_repeat=&#8221;repeat&#8221; rt_bg_size=&#8221;auto auto&#8221; rt_bg_attachment=&#8221;scroll&#8221;][vc_column_text]\n<ul>\n<li><strong><a href=\"http:\/\/diabetes.about.com\/od\/dieticiansadvice\/a\/splenda.htm\">Splenda \u00e8 sicuro per chi ha il diabete?<\/a><\/strong><br \/>\n<em>VeryWell<\/em><\/li>\n<li><strong><a href=\"http:\/\/caloriecontrol.org\/sucralose\/\">I dolcificanti ipocalorici:<\/a><a href=\"http:\/\/caloriecontrol.org\/sucralose\/\"> Il sucralosio<\/a><\/strong><br \/>\n<em>Calorie Control Council<\/em><u><\/u><\/li>\n<li><strong><u>Tutto ci\u00f2 che \u00e8 necessario sapere sul sucralosio<br \/>\n<\/u><\/strong><em>International Food Information Council<\/em><\/li>\n<li><strong><u><a href=\"http:\/\/www.sweeteners.org\/assets\/uploads\/articles\/files\/Sucralose-Fact-Sheet_Aug09.pdf\">Il sucralosio<\/a><\/u><\/strong><\/li>\n<li><em>Associazione Internazionale dei dolcificanti<\/em><\/li>\n<li><strong><a href=\"http:\/\/www.splenda.com\/\">SPLENDA\u00ae Prodotti da tavola<\/a><\/strong><\/li>\n<\/ul>\n[\/vc_column_text][\/vc_column_inner][vc_column_inner width=&#8221;1\/3&#8243; rt_column_shadow=&#8221;&#8221; rt_bg_image_repeat=&#8221;repeat&#8221; rt_bg_size=&#8221;auto auto&#8221; rt_bg_attachment=&#8221;scroll&#8221;][vc_column_text][\/vc_column_text][\/vc_column_inner][\/vc_row_inner][\/vc_column][\/vc_row][vc_row rt_row_background_width=&#8221;fullwidth&#8221; rt_row_content_width=&#8221;default&#8221; rt_row_style=&#8221;default-style&#8221; rt_row_borders=&#8221;&#8221; rt_row_shadows=&#8221;&#8221; rt_row_paddings=&#8221;true&#8221; rt_bg_effect=&#8221;classic&#8221; rt_bg_image_repeat=&#8221;repeat&#8221; rt_bg_size=&#8221;cover&#8221; rt_bg_position=&#8221;right top&#8221; rt_bg_attachment=&#8221;scroll&#8221; rt_bg_video_format=&#8221;self-hosted&#8221;][vc_column width=&#8221;1\/3&#8243; rt_column_shadow=&#8221;&#8221; rt_bg_image_repeat=&#8221;repeat&#8221; rt_bg_size=&#8221;auto auto&#8221; rt_bg_attachment=&#8221;scroll&#8221;]<article  class=\"image-content-box content-box box-style-1 left\"><div class=\"featured_image_holder\"><a href=\"\/it\/about-sucralose\/\" title=\"Per saperne di pi\u00f9\" target=\"_self\"><img decoding=\"async\" class=\"img-responsive\" src=\"https:\/\/sucraloseglobal.org\/wp-content\/uploads\/2016\/10\/kids.png\" alt=\"\" \/><\/a><\/div><div class=\"text-holder\">\n\t<h4 class=\"heading\" >\n\t\t<a href=\"\/it\/about-sucralose\/\" title=\"Riguardo al sucralosio\" target=\"_self\" >\n\t\t\tRiguardo al sucralosio\n\t\t<\/a>\n\t<\/h4> <p>Fin dal momento in cui \u00e8 stato introdotto per la prima volta nel mercato pi\u00f9 di venti anni fa, a milioni di consumatori in tutto il mondo piacciono i prodotti dolcificati con sucralosio<\/p>\n<a class=\"read_more\" href=\"\/it\/about-sucralose\/\" title=\"Per saperne di pi\u00f9\" target=\"_self\" >Per saperne di pi\u00f9<\/a><\/div><\/article>[\/vc_column][vc_column width=&#8221;1\/3&#8243; rt_column_shadow=&#8221;&#8221; rt_bg_image_repeat=&#8221;repeat&#8221; rt_bg_size=&#8221;auto auto&#8221; rt_bg_attachment=&#8221;scroll&#8221;]<article  class=\"image-content-box content-box box-style-1 left\"><div class=\"featured_image_holder\"><a href=\"\/it\/sucralose-facts\/\" title=\"Per saperne di pi\u00f9\" target=\"_self\"><img decoding=\"async\" class=\"img-responsive\" src=\"https:\/\/sucraloseglobal.org\/wp-content\/uploads\/2016\/01\/experts.png\" alt=\"\" \/><\/a><\/div><div class=\"text-holder\">\n\t<h4 class=\"heading\" >\n\t\t<a href=\"\/it\/sucralose-facts\/\" title=\"Il sucralosio \u00e8 sicuro?\" target=\"_self\" >\n\t\t\tIl sucralosio \u00e8 sicuro?\n\t\t<\/a>\n\t<\/h4> <p>Con gli svariati studi comprovanti la sua sicurezza, la dolcezza del sucralosio aiuta a controllare l&#8217;assunzione di calorie e al tempo stesso ti permette di mangiare cibi dolci<\/p>\n<a class=\"read_more\" href=\"\/it\/sucralose-facts\/\" title=\"Per saperne di pi\u00f9\" target=\"_self\" >Per saperne di pi\u00f9<\/a><\/div><\/article>[\/vc_column][vc_column width=&#8221;1\/3&#8243; rt_column_shadow=&#8221;&#8221; rt_bg_image_repeat=&#8221;repeat&#8221; rt_bg_size=&#8221;auto auto&#8221; rt_bg_attachment=&#8221;scroll&#8221;]<article  class=\"image-content-box content-box box-style-1 left\"><div class=\"featured_image_holder\"><a href=\"\/it\/sucralose-benefits\/\" title=\"Per saperne di pi\u00f9\" target=\"_self\"><img decoding=\"async\" class=\"img-responsive\" src=\"https:\/\/sucraloseglobal.org\/wp-content\/uploads\/2016\/01\/drink.jpg\" alt=\"\" \/><\/a><\/div><div class=\"text-holder\">\n\t<h4 class=\"heading\" >\n\t\t<a href=\"\/it\/sucralose-benefits\/\" title=\"I vantaggi del sucralosio\" target=\"_self\" >\n\t\t\tI vantaggi del sucralosio\n\t\t<\/a>\n\t<\/h4> <p>Sostituendo lo zucchero con il sucralosio si pu\u00f2 avere un certo numero di potenziali benefici.<\/p>\n<a class=\"read_more\" href=\"\/it\/sucralose-benefits\/\" title=\"Per saperne di pi\u00f9\" target=\"_self\" >Per saperne di pi\u00f9<\/a><\/div><\/article>[\/vc_column][\/vc_row]\n","protected":false},"excerpt":{"rendered":"<p>[vc_row rt_row_background_width=&#8221;fullwidth&#8221; rt_row_content_width=&#8221;default&#8221; rt_row_style=&#8221;light-style&#8221; rt_row_borders=&#8221;&#8221; rt_row_shadows=&#8221;&#8221; rt_row_paddings=&#8221;true&#8221; rt_bg_effect=&#8221;parallax&#8221; rt_bg_parallax_effect=&#8221;1&#8243; rt_bg_image_repeat=&#8221;repeat&#8221; rt_bg_size=&#8221;cover&#8221; rt_bg_position=&#8221;center bottom&#8221; rt_bg_video_format=&#8221;self-hosted&#8221; rt_padding_top=&#8221;80&#8243; rt_padding_bottom=&#8221;0&#8243; rt_grid=&#8221;&#8221; rt_bg_color=&#8221;#ffed4a&#8221; rt_bg_overlay_color=&#8221;rgba(255,237,74,0.5)&#8221; rt_bg_image=&#8221;1911&#8243;][vc_column rt_column_shadow=&#8221;&#8221; rt_bg_image_repeat=&#8221;repeat&#8221; rt_bg_size=&#8221;auto auto&#8221; rt_bg_attachment=&#8221;scroll&#8221;][vc_empty_space height=&#8221;40px&#8221;][vc_column_text] [\/vc_column_text][\/vc_column][\/vc_row][vc_row rt_row_background_width=&#8221;fullwidth&#8221; rt_row_content_width=&#8221;default&#8221; rt_row_style=&#8221;default-style&#8221; rt_row_borders=&#8221;&#8221; rt_row_shadows=&#8221;&#8221; rt_row_paddings=&#8221;true&#8221; rt_bg_effect=&#8221;classic&#8221; rt_bg_image_repeat=&#8221;repeat&#8221; rt_bg_size=&#8221;cover&#8221; rt_bg_position=&#8221;right top&#8221; rt_bg_attachment=&#8221;scroll&#8221; rt_bg_video_format=&#8221;self-hosted&#8221; rt_padding_bottom=&#8221;0&#8243;][vc_column rt_column_shadow=&#8221;&#8221; rt_bg_image_repeat=&#8221;repeat&#8221; rt_bg_size=&#8221;auto auto&#8221; rt_bg_attachment=&#8221;scroll&#8221;][vc_column_text]Gli esperti scientifici di tutto il mondo sostengono la sicurezza &#8230; <a class=\"more-link\" href=\"https:\/\/sucraloseglobal.org\/it\/cosa-dicono-gli-esperti\/\">Continue reading<\/a><\/p>\n","protected":false},"author":3,"featured_media":0,"parent":0,"menu_order":0,"comment_status":"closed","ping_status":"closed","template":"","meta":{"footnotes":""},"class_list":["post-11049","page","type-page","status-publish","hentry"],"_links":{"self":[{"href":"https:\/\/sucraloseglobal.org\/it\/wp-json\/wp\/v2\/pages\/11049\/"}],"collection":[{"href":"https:\/\/sucraloseglobal.org\/it\/wp-json\/wp\/v2\/pages\/"}],"about":[{"href":"https:\/\/sucraloseglobal.org\/it\/wp-json\/wp\/v2\/types\/page\/"}],"author":[{"embeddable":true,"href":"https:\/\/sucraloseglobal.org\/it\/wp-json\/wp\/v2\/users\/3\/"}],"replies":[{"embeddable":true,"href":"https:\/\/sucraloseglobal.org\/it\/wp-json\/wp\/v2\/comments\/?post=11049"}],"version-history":[{"count":0,"href":"https:\/\/sucraloseglobal.org\/it\/wp-json\/wp\/v2\/pages\/11049\/revisions\/"}],"wp:attachment":[{"href":"https:\/\/sucraloseglobal.org\/it\/wp-json\/wp\/v2\/media\/?parent=11049"}],"curies":[{"name":"wp","href":"https:\/\/api.w.org\/{rel}","templated":true}]}}