{"id":11076,"date":"2018-11-02T18:56:16","date_gmt":"2018-11-02T18:56:16","guid":{"rendered":"https:\/\/sucralose.kellendev.com\/?page_id=11076"},"modified":"2018-11-09T15:18:31","modified_gmt":"2018-11-09T15:18:31","slug":"politica-sulla-privacy","status":"publish","type":"page","link":"https:\/\/sucraloseglobal.org\/it\/politica-sulla-privacy\/","title":{"rendered":"Politica sulla privacy"},"content":{"rendered":"<p><strong>In vigore da maggio 2018<\/strong><\/p>\n<p>Benvenuti su <a href=\"https:\/\/sucraloseglprd.wpengine.com\/it\/\">https:\/\/sucraloseglprd.wpengine.com\/it\/<\/a>, un Sito web del Calorie Control Council (il Sito). Il Calorie Control Council (CCC) si impegna a mantenere riservato il vostro indirizzo e-mail. <u>Non vendiamo<\/u>, <u>affittiamo n\u00e9 noleggiamo<\/u> a terzi gli indirizzi e-mail di soci, partecipanti a riunioni o di altri soggetti con cui abbiamo rapporti commerciali.<\/p>\n<p>Nell\u2019intento di mantenere un servizio efficiente rispettando al contempo la privacy di coloro che visitano questo Sito e che hanno scambiato una corrispondenza elettronica con CCC, CCC ha elaborato e pubblicato la seguente politica sulla privacy. La presente politica sulla privacy \u00e8 inclusa nei Termini e condizioni di utilizzo del Sito ed \u00e8 parte integrante degli stessi.<\/p>\n<p><strong>Raccolta e utilizzo di informazioni<\/strong><\/p>\n<p>Raccoglieremo le informazioni di carattere personale che ci fornirete, tra cui, a titolo esemplificativo e non esaustivo, il vostro nome, nome del datore di lavoro, indirizzo\/i, numero di telefono e fax, indirizzo e-mail e dati della carta di credito. CCC pu\u00f2 utilizzare e conservare tali dati allo scopo di fornirvi informazioni ufficiali sulla propria attivit\u00e0 commerciale, offrire un prodotto o servizio da voi richiesto, confermare il vostro status di socio, compilare il vostro modulo di donazione online, analizzare, stimare e valorizzare le esigenze e gli interessi di soci e potenziali soci, informarvi circa novit\u00e0, attivit\u00e0, corsi e programmi, servizi e benefici di CCC e per altre finalit\u00e0 commerciali legittime e lecite. Le informazioni di carattere personale potrebbero essere trasmesse a terzi al fine di completare specifiche transazioni commerciali per conto di CCC. I dati di contatto ottenuti da CCC nell\u2019ambito di indagini potrebbero essere condivisi con soci di CCC allo scopo di fornire un servizio, rispondere a domande o sviluppare un potenziale rapporto commerciale.<\/p>\n<p>Possiamo divulgare informazioni di carattere personale alle autorit\u00e0 competenti qualora fossimo oggetto di un mandato di comparizione o di un\u2019ingiunzione o fossimo tenuti a farlo per disposizioni di legge. Possiamo utilizzare e divulgare i vostri dati anche per imporre o esercitare i nostri diritti legali, per far valere i <u>Termini e condizioni di utilizzo<\/u>, per rivendicare i nostri diritti e difenderci nei confronti di azioni legali, oppure se riteniamo che tale divulgazione sia necessaria al fine di indagare, prevenire o porre in essere altre azioni concernenti attivit\u00e0 illecite o fraudolente effettive o sospette oppure potenziali minacce per la sicurezza fisica o il benessere di qualsiasi persona. Qualora la totalit\u00e0 o una parte di CCC sia soggetta a fusione oppure trasferita in un\u2019altra entit\u00e0, nell\u2019ambito di tale operazione possiamo trasferire a tale entit\u00e0 le informazioni di carattere personale da voi forniteci.<\/p>\n<p><strong>Registrazione e moduli d\u2019ordine<\/strong><\/p>\n<p>Per iscriversi o registrarsi a un programma, partecipare a eventi, riunioni o conferenze di CCC, oppure richiedere prodotti o servizi, vi potr\u00e0 essere chiesto di compilare un modulo di registrazione o di ordine e di fornire informazioni di carattere personale che utilizzeremo per evadere la vostra registrazione o il vostro ordine. In alcune circostanze, un programma accessibile tramite il Sito pu\u00f2 essere sponsorizzato congiuntamente a, o co-sponsorizzato con, altre organizzazioni e la registrazione pu\u00f2 non essere necessariamente gestita da CCC. In tal caso, la presente politica sulla privacy non si applicher\u00e0 e prevarr\u00e0 invece la politica sulla privacy di detti terzi. CCC non \u00e8 responsabile delle politiche sulla privacy di tali altre organizzazioni (o dell\u2019utilizzo delle vostre informazioni di carattere personale o di altro genere da parte di tali organizzazioni) e con il presente declina qualsiasi responsabilit\u00e0 in relazione alle stesse. Inoltre, il vostro nome e i vostri dati potrebbero apparire su elenchi di registrazione o di partecipanti distribuiti ad altri partecipanti e terzi in occasione di eventi, riunioni e conferenze di CCC. Vi preghiamo di notare che CCC fornisce a sponsor ed espositori dei meeting annuali i nomi e gli indirizzi postali dei partecipanti, non gli indirizzi e-mail. I partecipanti sono autorizzati ad accedere a un elenco di nomi e istituzioni (inclusi i relativi paesi) di altri partecipanti registrati.<\/p>\n<p><strong>Cookie e file di registro<\/strong><\/p>\n<p>I cookie sono informazioni memorizzate utilizzate per offrire una navigazione pi\u00f9 agevole all\u2019interno del Sito, ad esempio memorizzando la password, identificare le preferenze degli utenti (ad esempio le pagine visualizzate) e per altre finalit\u00e0 interne, come la valutazione dell\u2019efficacia del Sito. Potete scegliere se impostare il vostro computer in modo da disattivare i cookie oppure se essere avvisati quando essi sono utilizzati. Se scegliete di disattivare i cookie, vi informiamo che alcune sezioni del Sito potrebbero non funzionare correttamente.<\/p>\n<p><strong>Link<\/strong><\/p>\n<p>Il Sito contiene link ad altri siti web. CCC non \u00e8 responsabile delle politiche sulla privacy di tali altri siti e con il presente declina qualsiasi responsabilit\u00e0 in relazione a tali siti collegati.<\/p>\n<p><strong>Sicurezza<\/strong><\/p>\n<p>Le registrazioni e le informazioni inserite online come i numeri di carta di credito saranno protetti utilizzando un metodo di codifica accettato a livello commerciale. Tuttavia, sebbene adottiamo ragionevoli misure di sicurezza mirate a proteggere le vostre informazioni personali, vi facciamo notare che nessun metodo di trasmissione elettronica \u00e8 totalmente infallibile e che non possiamo garantire la sua assoluta sicurezza. Qualora veniste a conoscenza di una violazione della sicurezza del Sito, vi invitiamo a contattarci immediatamente.<\/p>\n<p><strong>Aggiornamento delle informazioni personali e delle opzioni di adesione<\/strong><\/p>\n<p>Potete contattare CCC in qualsiasi momento come di seguito indicato per aggiornare le vostre informazioni di carattere personale o per modificare le vostre opzioni di adesione o annullamento di un servizio in qualsiasi momento. Vi daremo la possibilit\u00e0 di aderire e annullare, a seconda del caso, il servizio o il prodotto offerto.<\/p>\n<p><strong>Aggiornamenti della politica sulla privacy<\/strong><\/p>\n<p>Eventuali variazioni apportate alla presente politica sulla privacy saranno pubblicate su questa pagina con un\u2019opportuna spiegazione.<\/p>\n<p><strong>Accettazione delle condizioni della nostra politica sulla privacy<\/strong><\/p>\n<p>Utilizzando il sito, accettate la nostra politica sulla privacy. Continuando a visitare il Sito anche dopo la pubblicazione delle modifiche alla presente politica, confermate la vostra accettazione delle stesse.<\/p>\n<p><strong>Recapiti<\/strong><\/p>\n<p>In caso di domande, vi invitiamo a contattarci a:<\/p>\n<p>Calorie Control Council<\/p>\n<p>3200 Windy Hill Road, SE<\/p>\n<p>Suite 600W<\/p>\n<p>Atlanta, GA\u00a0 30339<\/p>\n<p>404-252-3663<\/p>\n<p><a href=\"mailto:info@caloriecontrol.org\">info@caloriecontrol.org<\/a><\/p>\n","protected":false},"excerpt":{"rendered":"<p>In vigore da maggio 2018 Benvenuti su https:\/\/sucraloseglprd.wpengine.com\/it\/, un Sito web del Calorie Control Council (il Sito). Il Calorie Control Council (CCC) si impegna a mantenere riservato il vostro indirizzo e-mail. Non vendiamo, affittiamo n\u00e9 noleggiamo a terzi gli indirizzi e-mail di soci, partecipanti a riunioni o di altri soggetti con cui abbiamo rapporti commerciali. &#8230; <a class=\"more-link\" href=\"https:\/\/sucraloseglobal.org\/it\/politica-sulla-privacy\/\">Continue reading<\/a><\/p>\n","protected":false},"author":3,"featured_media":0,"parent":0,"menu_order":0,"comment_status":"closed","ping_status":"closed","template":"","meta":{"footnotes":""},"class_list":["post-11076","page","type-page","status-publish","hentry"],"_links":{"self":[{"href":"https:\/\/sucraloseglobal.org\/it\/wp-json\/wp\/v2\/pages\/11076\/"}],"collection":[{"href":"https:\/\/sucraloseglobal.org\/it\/wp-json\/wp\/v2\/pages\/"}],"about":[{"href":"https:\/\/sucraloseglobal.org\/it\/wp-json\/wp\/v2\/types\/page\/"}],"author":[{"embeddable":true,"href":"https:\/\/sucraloseglobal.org\/it\/wp-json\/wp\/v2\/users\/3\/"}],"replies":[{"embeddable":true,"href":"https:\/\/sucraloseglobal.org\/it\/wp-json\/wp\/v2\/comments\/?post=11076"}],"version-history":[{"count":0,"href":"https:\/\/sucraloseglobal.org\/it\/wp-json\/wp\/v2\/pages\/11076\/revisions\/"}],"wp:attachment":[{"href":"https:\/\/sucraloseglobal.org\/it\/wp-json\/wp\/v2\/media\/?parent=11076"}],"curies":[{"name":"wp","href":"https:\/\/api.w.org\/{rel}","templated":true}]}}