{"id":11082,"date":"2018-11-02T19:08:31","date_gmt":"2018-11-02T19:08:31","guid":{"rendered":"https:\/\/sucralose.kellendev.com\/?page_id=11082"},"modified":"2018-11-09T15:19:08","modified_gmt":"2018-11-09T15:19:08","slug":"termini-e-condizioni-di-utilizzo","status":"publish","type":"page","link":"https:\/\/sucraloseglobal.org\/it\/termini-e-condizioni-di-utilizzo\/","title":{"rendered":"Termini e condizioni di utilizzo"},"content":{"rendered":"<div class=\"content_row row fixed_heights default-style no-composer fullwidth\">\n<div class=\"content_row_wrapper clearfix \">\n<div class=\"col col-sm-12 col-xs-12 content default-style\">\n<div class=\"col-lg-8\">\n<h4>In vigore da maggio 2018<\/h4>\n<p>Il Calorie Control Council (CCC) si impegna a mantenere riservato il vostro indirizzo e-mail. Non vendiamo, affittiamo n\u00e9 noleggiamo a terzi gli indirizzi e-mail di soci, di partecipanti a riunioni o di altri soggetti con cui abbiamo rapporti commerciali.<br \/>\nBenvenuti su <a href=\"https:\/\/sucraloseglprd.wpengine.com\/it\/\">https:\/\/sucraloseglprd.wpengine.com\/it\/<\/a>, un Sito web del Calorie Control Council (il Sito). Questo sito \u00e8 un servizio di CCC.<\/p>\n<ol>\n<li><strong> Accordo.<\/strong> Utilizzando il Sito, accettate i presenti Termini e condizioni di utilizzo (Condizioni di utilizzo). CCC si riserva il diritto di modificare di tanto in tanto le presenti Condizioni di utilizzo. Sul Sito sar\u00e0 sempre pubblicato l\u2019\u201cAccordo sui termini e condizioni di utilizzo\u201d aggiornato, di cui potrete prendere visione in qualsiasi momento seguendo il link in fondo a ogni pagina pubblica del Sito.<\/li>\n<li><strong> Descrizione del servizio.<\/strong> Il Sito \u00e8 composto da diverse sezioni, alcune delle quali hanno un accesso limitato.<\/li>\n<li><strong> Propriet\u00e0 intellettuale.<\/strong> L\u2019intero contenuto e design del Sito, compresi tutti i marchi depositati, loghi, denominazioni commerciali, documenti, database, rappresentazioni grafiche e altre informazioni, sono di propriet\u00e0 di CCC o da essa utilizzate su autorizzazione, e sono protetti dalle leggi statunitensi e internazionali in materia di copyright e marchi depositati, anche qualora sulla schermata in cui sono visualizzate le informazioni non vi sia alcun avviso di copyright, marchio depositato o altro diritto proprietario. Salvo diversamente previsto nelle presenti Condizioni di utilizzo, gli utenti del Sito possono salvare e utilizzare le informazioni contenute nel Sito soltanto per scopi personali e per altre finalit\u00e0 formative e non commerciali. Non \u00e8 consentito alcun altro utilizzo, come, a titolo puramente esemplificativo, riproduzione, ritrasmissione o modifica, delle informazioni del Sito senza il previo consenso scritto di CCC, che pu\u00f2 essere richiesto scrivendo a CCC all\u2019indirizzo info@caloriecontrol.org.<\/li>\n<li><strong> Responsabilit\u00e0 limitata.<\/strong> In nessun caso CCC o suoi dirigenti, amministratori, soci, personale o agenti saranno tenuti a rispondere di danni di qualsiasi genere, tra cui, a titolo esemplificativo e non esaustivo, danni speciali, accidentali, indiretti o consequenziali \u2013 siano essi stati informati o meno circa la possibilit\u00e0 del verificarsi di detti danni \u2013 basati su qualsiasi ipotesi di responsabilit\u00e0 e derivanti dal o relativi all\u2019utilizzo o alla performance del Sito o di qualsivoglia contenuto che appaia sullo stesso.<\/li>\n<li><strong> Esclusione di responsabilit\u00e0.<\/strong> CCC non rilascia alcuna garanzia o dichiarazione concernente l\u2019esattezza, completezza, attendibilit\u00e0, operabilit\u00e0 o legalit\u00e0 delle informazioni contenute nel Sito, tra cui, a titolo puramente esemplificativo, garanzie di commerciabilit\u00e0, idoneit\u00e0 a un particolare utilizzo e non violazione di diritti proprietari. Le informazioni, opinioni e raccomandazioni presentate nel Sito hanno scopo puramente informativo, non devono essere considerate una consulenza medica e non intendono sostituire una consultazione con un medico qualificato. Salvo specificatamente e diversamente indicato, CCC non sostiene, approva, raccomanda n\u00e9 certifica alcuna informazione, prodotto, processo, servizio od organizzazione presentata\/o o menzionata\/o sul Sito e le informazioni ottenute dal Sito non devono essere in alcun modo interpretate come comprensive di tale approvazione o sostegno. CCC non garantisce inoltre in alcun modo che il Sito, o il server che lo rende disponibile, sia privo di virus, vermi o altri elementi o codici che presentano propriet\u00e0 contaminanti o distruttive. CCC declina espressamente qualsiasi responsabilit\u00e0 per danni diretti, indiretti, accidentali, consequenziali, speciali o di altro genere derivanti dall\u2019utilizzo del, richiamo al, affidamento sul o incapacit\u00e0 di utilizzo, da parte di qualsiasi persona, del Sito o delle informazioni presentate sullo stesso. In qualsiasi giurisdizione che non consenta tale esclusione di responsabilit\u00e0, la responsabilit\u00e0 di CCC sar\u00e0 limitata alla massima misura consentita dalla legge applicabile.<\/li>\n<li><strong> Link.<\/strong> I link o i collegamenti che collegano il Sito ad altri siti Internet vengono forniti esclusivamente a titolo di cortesia e non implicano, direttamente o indirettamente, alcun sostegno, sponsorizzazione o approvazione, da parte di CCC, del sito collegato, della persona fisica o giuridica che gestisce il sito, o di qualsiasi prodotto, servizio e persona fisica o giuridica richiamati nel sito. In linea generale, un Sito web che ha un indirizzo (o URL) non contenente \u201c<a href=\"https:\/\/sucraloseglprd.wpengine.com\/it\/\">https:\/\/sucraloseglprd.wpengine.com\/it\/<\/a>\u201d \u00e8 un Sito web collegato. Il contenuto di qualsiasi sito collegato non riflette necessariamente le opinioni, gli standard o le politiche di CCC. I siti collegati esulano dal controllo di CCC, che non \u00e8 responsabile del contenuto di alcuno di essi, dei link contenuti in un sito collegato, di modifiche o aggiornamenti di tali siti n\u00e9 della conformit\u00e0 alle leggi applicabili da parte di detti siti collegati.<\/li>\n<li><strong> Procedure di comunicazione e rimozione conformi alla legge DMCA.<\/strong> CCC si attiene alla legge federale Digital Millennium Copyright Act (DMCA) rispondendo a comunicazioni di presunta violazione conformi alla DMCA e ad altre leggi applicabili. Nell\u2019ambito di tale risposta, CCC pu\u00f2 eliminare o disabilitare l\u2019accesso al materiale del Sito che si presume oggetto di violazione, nel qual caso CCC tenter\u00e0 in buona fede di contattare la persona che ha inoltrato il materiale interessato affinch\u00e9 questa possa procedere a una contro comunicazione, sempre in conformit\u00e0 alla legge DMCA. Pubblicando materiale sul Sito, la parte che effettua la pubblicazione dichiara e garantisce di essere in possesso dei diritti di copyright relativamente a tale materiale o di avere ricevuto il permesso dal proprietario dei diritti di copyright. La parte che effettua la pubblicazione concede a CCC e agli utenti del Sito il diritto e la licenza non esclusiva, illimitata ed esente da royalty di visualizzare, copiare, pubblicare, distribuire, trasmettere, stampare e utilizzare tali informazioni o altro materiale. Chiunque ritenga che il materiale pubblicato sul Sito violi il proprio lavoro protetto da copyright \u00e8 invitato a richiederne l\u2019eliminazione inviando un messaggio e-mail a info@caloriecontrol.org.<\/li>\n<li><strong> Scelta della legge e foro.<\/strong> Il presente Accordo \u00e8 perfezionato ed eseguito nello Stato della Georgia, Stati Uniti d\u2019America, ed \u00e8 disciplinato dalle leggi della Georgia, senza riguardo alle disposizioni delle stesse in materia di scelta della normativa e di conflitti tra leggi. In qualsiasi richiesta di risarcimento o azione legale direttamente o indirettamente derivante dal presente Accordo o legata a <a href=\"https:\/\/sucraloseglprd.wpengine.com\/it\/\">https:\/\/sucraloseglprd.wpengine.com\/it\/<\/a>, ogni parte si sottopone irrevocabilmente alla competenza esclusiva dei tribunali statali della Contea di Cobb, Georgia, o al Tribunale Distrettuale degli Stati Uniti, qualsivoglia di essi sia competente, e ogni parte rinuncia a qualsiasi obiezione avente per oggetto la sede giurisdizionale o l\u2019incompetenza territoriale.<\/li>\n<li><strong> Esaustivit\u00e0 dell\u2019Accordo.<\/strong> Qualora una o pi\u00f9 disposizioni del presente Accordo siano ritenute inapplicabili da qualsiasi tribunale o giurisdizione competente, esse saranno eliminate o limitate alla minima misura necessaria affinch\u00e9 il presente Accordo possa restare pienamente valido ed efficace. Le presenti Condizioni di utilizzo sostituiscono qualsiasi altra dichiarazione contenuta in altre parti del Sito che sia discordante o in conflitto con le stesse.<\/li>\n<\/ol>\n<h4><strong>10. Modifiche.<\/strong> CCC si riserva il diritto di modificare o cambiare i termini e le regole di utilizzo del Sito come di volta in volta ritenuto nel migliore interesse di CCC. Utilizzando il Sito, l\u2019utente accetta di essere vincolato dalle presenti Condizioni di utilizzo e loro eventuali successive modifiche.<\/h4>\n<\/div>\n<\/div>\n<\/div>\n<\/div>\n","protected":false},"excerpt":{"rendered":"<p>In vigore da maggio 2018 Il Calorie Control Council (CCC) si impegna a mantenere riservato il vostro indirizzo e-mail. Non vendiamo, affittiamo n\u00e9 noleggiamo a terzi gli indirizzi e-mail di soci, di partecipanti a riunioni o di altri soggetti con cui abbiamo rapporti commerciali. Benvenuti su https:\/\/sucraloseglprd.wpengine.com\/it\/, un Sito web del Calorie Control Council (il &#8230; <a class=\"more-link\" href=\"https:\/\/sucraloseglobal.org\/it\/termini-e-condizioni-di-utilizzo\/\">Continue reading<\/a><\/p>\n","protected":false},"author":3,"featured_media":0,"parent":0,"menu_order":0,"comment_status":"closed","ping_status":"closed","template":"","meta":{"footnotes":""},"class_list":["post-11082","page","type-page","status-publish","hentry"],"_links":{"self":[{"href":"https:\/\/sucraloseglobal.org\/it\/wp-json\/wp\/v2\/pages\/11082\/"}],"collection":[{"href":"https:\/\/sucraloseglobal.org\/it\/wp-json\/wp\/v2\/pages\/"}],"about":[{"href":"https:\/\/sucraloseglobal.org\/it\/wp-json\/wp\/v2\/types\/page\/"}],"author":[{"embeddable":true,"href":"https:\/\/sucraloseglobal.org\/it\/wp-json\/wp\/v2\/users\/3\/"}],"replies":[{"embeddable":true,"href":"https:\/\/sucraloseglobal.org\/it\/wp-json\/wp\/v2\/comments\/?post=11082"}],"version-history":[{"count":0,"href":"https:\/\/sucraloseglobal.org\/it\/wp-json\/wp\/v2\/pages\/11082\/revisions\/"}],"wp:attachment":[{"href":"https:\/\/sucraloseglobal.org\/it\/wp-json\/wp\/v2\/media\/?parent=11082"}],"curies":[{"name":"wp","href":"https:\/\/api.w.org\/{rel}","templated":true}]}}