{"id":11086,"date":"2018-11-02T20:22:16","date_gmt":"2018-11-02T20:22:16","guid":{"rendered":"https:\/\/sucralose.kellendev.com\/?page_id=11086"},"modified":"2018-11-09T16:23:55","modified_gmt":"2018-11-09T16:23:55","slug":"home-page","status":"publish","type":"page","link":"https:\/\/sucraloseglobal.org\/it\/","title":{"rendered":"Home Page"},"content":{"rendered":"[vc_row rt_row_background_width=&#8221;fullwidth&#8221; rt_row_content_width=&#8221;default&#8221; rt_row_style=&#8221;alt-style-2&#8243; rt_column_placement=&#8221;middle&#8221; rt_row_borders=&#8221;top,bottom&#8221; rt_row_shadows=&#8221;&#8221; rt_row_paddings=&#8221;true&#8221; rt_bg_effect=&#8221;classic&#8221; rt_bg_image_repeat=&#8221;no-repeat&#8221; rt_bg_size=&#8221;cover&#8221; rt_bg_position=&#8221;right center&#8221; rt_bg_attachment=&#8221;scroll&#8221; rt_bg_video_format=&#8221;self-hosted&#8221; rt_bg_image=&#8221;11336&#8243; rt_padding_top=&#8221;50&#8243; rt_padding_bottom=&#8221;50&#8243; rt_row_height=&#8221;500&#8243; rt_bg_overlay_color=&#8221;rgba(0,0,0,0.4)&#8221;][vc_column width=&#8221;1\/2&#8243; rt_column_shadow=&#8221;&#8221; rt_bg_image_repeat=&#8221;repeat&#8221; rt_bg_size=&#8221;auto auto&#8221; rt_bg_attachment=&#8221;scroll&#8221; offset=&#8221;vc_hidden-sm vc_hidden-xs&#8221; rt_bg_color=&#8221;&#8221; rt_bg_overlay_color=&#8221;&#8221;][vc_empty_space][\/vc_column][vc_column width=&#8221;1\/2&#8243; rt_column_shadow=&#8221;&#8221; rt_bg_image_repeat=&#8221;repeat&#8221; rt_bg_size=&#8221;auto auto&#8221; rt_bg_attachment=&#8221;scroll&#8221;]<div class=\"rt_heading_wrapper style-5\">\n\t\t\t\t\t\t<h1 class=\"rt_heading  style-5\" >Che cos\u2019\u00e8 il sucralosio?<\/h1>\n\t\t\t\t\t<\/div>[vc_column_text]Il sucralosio (riconosciuto da molti come Splenda\u00ae) \u00e8 un dolcificante privo di calorie usato in tutto il mondo in oltre 5.000 tipi di alimenti e bevande. Visto che l&#8217;obesit\u00e0 \u00e8 sempre pi\u00f9 comune, molte linee guida dietetiche raccomandano ai consumatori di scegliere alimenti e bevande che moderano l\u2019apporto di zuccheri.[\/vc_column_text]<div class=\"button_wrapper align \"><a  href=\"\/it\/che-cose-il-sucralosio\/\" target=\"_self\" title=\"Per saperne di pi\u00f9\" class=\"button_  color small\">Per saperne di pi\u00f9<\/a><\/div>[\/vc_column][\/vc_row][vc_row rt_row_background_width=&#8221;fullwidth&#8221; rt_row_content_width=&#8221;default&#8221; rt_row_style=&#8221;default-style&#8221; rt_row_borders=&#8221;&#8221; rt_row_shadows=&#8221;&#8221; rt_row_paddings=&#8221;true&#8221; rt_bg_effect=&#8221;classic&#8221; rt_bg_image_repeat=&#8221;repeat&#8221; rt_bg_size=&#8221;cover&#8221; rt_bg_position=&#8221;right top&#8221; rt_bg_attachment=&#8221;scroll&#8221; rt_bg_video_format=&#8221;self-hosted&#8221;][vc_column width=&#8221;1\/2&#8243; rt_column_shadow=&#8221;&#8221; rt_bg_image_repeat=&#8221;repeat&#8221; rt_bg_size=&#8221;auto auto&#8221; rt_bg_attachment=&#8221;scroll&#8221;][vc_empty_space]<article  class=\"image-content-box content-box box-style-1 left\"><div class=\"featured_image_holder\"><a href=\"\/it\/fatti-sul-sucralosio\/\" title=\"Per saperne di pi\u00f9\" target=\"_self\"><img decoding=\"async\" class=\"img-responsive\" src=\"https:\/\/sucraloseglobal.org\/wp-content\/uploads\/2016\/01\/shopping.jpg\" alt=\"\" \/><\/a><\/div><div class=\"text-holder\">\n\t<h3 class=\"heading\" >\n\t\t<a href=\"\/it\/fatti-sul-sucralosio\/\" title=\"Le dichiarazioni\" target=\"_self\" >\n\t\t\tLe dichiarazioni\n\t\t<\/a>\n\t<\/h3> <p>Impara i fatti riguardanti i miti sul sucralosio.<\/p>\n<a class=\"read_more\" href=\"\/it\/fatti-sul-sucralosio\/\" title=\"Per saperne di pi\u00f9\" target=\"_self\" >Per saperne di pi\u00f9<\/a><\/div><\/article>[\/vc_column][vc_column width=&#8221;1\/2&#8243; rt_column_shadow=&#8221;&#8221; rt_bg_image_repeat=&#8221;repeat&#8221; rt_bg_size=&#8221;auto auto&#8221; rt_bg_attachment=&#8221;scroll&#8221;][vc_empty_space]<article  class=\"image-content-box content-box box-style-1 left\"><div class=\"featured_image_holder\"><a href=\"\/it\/i-benefici-del-sucralosio\/\" title=\"Per saperne di pi\u00f9\" target=\"_self\"><img decoding=\"async\" class=\"img-responsive\" src=\"https:\/\/sucraloseglobal.org\/wp-content\/uploads\/2016\/01\/photodune-11645393-dumbbells-and-weight-scale-machines-xs-1.jpg\" alt=\"\" \/><\/a><\/div><div class=\"text-holder\">\n\t<h3 class=\"heading\" >\n\t\t<a href=\"\/it\/i-benefici-del-sucralosio\/\" title=\"I vantaggi del sucralosio\" target=\"_self\" >\n\t\t\tI vantaggi del sucralosio\n\t\t<\/a>\n\t<\/h3> <p>Il sucralosio, dolcificante senza calorie per alimenti e bevande, possiede numerosi vantaggi fondamentali.<\/p>\n<a class=\"read_more\" href=\"\/it\/i-benefici-del-sucralosio\/\" title=\"Per saperne di pi\u00f9\" target=\"_self\" >Per saperne di pi\u00f9<\/a><\/div><\/article>[\/vc_column][\/vc_row][vc_row rt_row_background_width=&#8221;fullwidth&#8221; rt_row_content_width=&#8221;default&#8221; rt_row_style=&#8221;default-style&#8221; rt_row_borders=&#8221;&#8221; rt_row_shadows=&#8221;&#8221; rt_row_paddings=&#8221;true&#8221; rt_bg_effect=&#8221;classic&#8221; rt_bg_image_repeat=&#8221;repeat&#8221; rt_bg_size=&#8221;cover&#8221; rt_bg_position=&#8221;right top&#8221; rt_bg_attachment=&#8221;scroll&#8221; rt_bg_video_format=&#8221;self-hosted&#8221;][vc_column width=&#8221;1\/3&#8243; rt_column_shadow=&#8221;&#8221; rt_bg_image_repeat=&#8221;repeat&#8221; rt_bg_size=&#8221;auto auto&#8221; rt_bg_attachment=&#8221;scroll&#8221;][vc_empty_space]<article  class=\"image-content-box content-box box-style-1 left\"><div class=\"featured_image_holder\"><a href=\"\/it\/what-the-experts-say\/\" title=\"Per saperne di pi\u00f9\" target=\"_self\"><img decoding=\"async\" class=\"img-responsive\" src=\"https:\/\/sucraloseglobal.org\/wp-content\/uploads\/2018\/11\/AdobeStock_111027588-editted-2.jpg\" alt=\"\" \/><\/a><\/div><div class=\"text-holder\">\n\t<h3 class=\"heading\" >\n\t\t<a href=\"\/it\/what-the-experts-say\/\" title=\"Cosa dicono gli esperti\" target=\"_self\" >\n\t\t\tCosa dicono gli esperti\n\t\t<\/a>\n\t<\/h3> <p>Gli esperti scientifici di tutto il mondo sostengono la sicurezza del sucralosio e il suo ruolo nella lotta contro l\u2019aumento dell\u2019obesit\u00e0 grazie al suo utilizzo in prodotti a basso contenuto calorico.<\/p>\n<a class=\"read_more\" href=\"\/it\/what-the-experts-say\/\" title=\"Per saperne di pi\u00f9\" target=\"_self\" >Per saperne di pi\u00f9<\/a><\/div><\/article>[vc_empty_space][\/vc_column][vc_column width=&#8221;1\/3&#8243; rt_column_shadow=&#8221;&#8221; rt_bg_image_repeat=&#8221;repeat&#8221; rt_bg_size=&#8221;auto auto&#8221; rt_bg_attachment=&#8221;scroll&#8221;][vc_empty_space]<article  class=\"image-content-box content-box box-style-1 left\"><div class=\"featured_image_holder\"><a href=\"\/it\/faq\/\" title=\"Per saperne di pi\u00f9\" target=\"_self\"><img decoding=\"async\" class=\"img-responsive\" src=\"https:\/\/sucraloseglobal.org\/wp-content\/uploads\/2016\/01\/questions.png\" alt=\"\" \/><\/a><\/div><div class=\"text-holder\">\n\t<h3 class=\"heading\" >\n\t\t<a href=\"\/it\/faq\/\" title=\"Domande frequenti\" target=\"_self\" >\n\t\t\tDomande frequenti\n\t\t<\/a>\n\t<\/h3> <p>Abbiamo le risposte alle vostre domande pi\u00f9 frequenti riguardo al famoso dolcificante ipocalorico: il sucralosio.<\/p>\n<a class=\"read_more\" href=\"\/it\/faq\/\" title=\"Per saperne di pi\u00f9\" target=\"_self\" >Per saperne di pi\u00f9<\/a><\/div><\/article>[vc_empty_space][\/vc_column][vc_column width=&#8221;1\/3&#8243; rt_column_shadow=&#8221;&#8221; rt_bg_image_repeat=&#8221;repeat&#8221; rt_bg_size=&#8221;auto auto&#8221; rt_bg_attachment=&#8221;scroll&#8221;][vc_empty_space]<article  class=\"image-content-box content-box box-style-1 left\"><div class=\"featured_image_holder\"><a href=\"\/it\/about-sucralose\/\" title=\"Per saperne di pi\u00f9\" target=\"_self\"><img decoding=\"async\" class=\"img-responsive\" src=\"https:\/\/sucraloseglobal.org\/wp-content\/uploads\/2016\/01\/drink.jpg\" alt=\"\" \/><\/a><\/div><div class=\"text-holder\">\n\t<h3 class=\"heading\" >\n\t\t<a href=\"\/it\/about-sucralose\/\" title=\"Che cos\u2019\u00e8 il sucralosio?\" target=\"_self\" >\n\t\t\tChe cos\u2019\u00e8 il sucralosio?\n\t\t<\/a>\n\t<\/h3> <p>Il sucralosio \u00e8 utile per le persone che amano i cibi dolci ma stanno cercando di ridurre il numero di calorie che consumano o la quantit\u00e0 di zucchero nella loro dieta.<\/p>\n<a class=\"read_more\" href=\"\/it\/about-sucralose\/\" title=\"Per saperne di pi\u00f9\" target=\"_self\" >Per saperne di pi\u00f9<\/a><\/div><\/article>[vc_empty_space][\/vc_column][\/vc_row]\n","protected":false},"excerpt":{"rendered":"<p>[vc_row rt_row_background_width=&#8221;fullwidth&#8221; rt_row_content_width=&#8221;default&#8221; rt_row_style=&#8221;alt-style-2&#8243; rt_column_placement=&#8221;middle&#8221; rt_row_borders=&#8221;top,bottom&#8221; rt_row_shadows=&#8221;&#8221; rt_row_paddings=&#8221;true&#8221; rt_bg_effect=&#8221;classic&#8221; rt_bg_image_repeat=&#8221;no-repeat&#8221; rt_bg_size=&#8221;cover&#8221; rt_bg_position=&#8221;right center&#8221; rt_bg_attachment=&#8221;scroll&#8221; rt_bg_video_format=&#8221;self-hosted&#8221; rt_bg_image=&#8221;11336&#8243; rt_padding_top=&#8221;50&#8243; rt_padding_bottom=&#8221;50&#8243; rt_row_height=&#8221;500&#8243; rt_bg_overlay_color=&#8221;rgba(0,0,0,0.4)&#8221;][vc_column width=&#8221;1\/2&#8243; rt_column_shadow=&#8221;&#8221; rt_bg_image_repeat=&#8221;repeat&#8221; rt_bg_size=&#8221;auto auto&#8221; rt_bg_attachment=&#8221;scroll&#8221; offset=&#8221;vc_hidden-sm vc_hidden-xs&#8221; rt_bg_color=&#8221;&#8221; rt_bg_overlay_color=&#8221;&#8221;][vc_empty_space][\/vc_column][vc_column width=&#8221;1\/2&#8243; rt_column_shadow=&#8221;&#8221; rt_bg_image_repeat=&#8221;repeat&#8221; rt_bg_size=&#8221;auto auto&#8221; rt_bg_attachment=&#8221;scroll&#8221;][vc_column_text]Il sucralosio (riconosciuto da molti come Splenda\u00ae) \u00e8 un dolcificante privo di calorie usato in tutto il mondo in oltre &#8230; <a class=\"more-link\" href=\"https:\/\/sucraloseglobal.org\/it\/\">Continue reading<\/a><\/p>\n","protected":false},"author":3,"featured_media":0,"parent":0,"menu_order":0,"comment_status":"closed","ping_status":"closed","template":"","meta":{"footnotes":""},"class_list":["post-11086","page","type-page","status-publish","hentry"],"_links":{"self":[{"href":"https:\/\/sucraloseglobal.org\/it\/wp-json\/wp\/v2\/pages\/11086\/"}],"collection":[{"href":"https:\/\/sucraloseglobal.org\/it\/wp-json\/wp\/v2\/pages\/"}],"about":[{"href":"https:\/\/sucraloseglobal.org\/it\/wp-json\/wp\/v2\/types\/page\/"}],"author":[{"embeddable":true,"href":"https:\/\/sucraloseglobal.org\/it\/wp-json\/wp\/v2\/users\/3\/"}],"replies":[{"embeddable":true,"href":"https:\/\/sucraloseglobal.org\/it\/wp-json\/wp\/v2\/comments\/?post=11086"}],"version-history":[{"count":0,"href":"https:\/\/sucraloseglobal.org\/it\/wp-json\/wp\/v2\/pages\/11086\/revisions\/"}],"wp:attachment":[{"href":"https:\/\/sucraloseglobal.org\/it\/wp-json\/wp\/v2\/media\/?parent=11086"}],"curies":[{"name":"wp","href":"https:\/\/api.w.org\/{rel}","templated":true}]}}