{"id":11002,"date":"2018-10-30T15:24:01","date_gmt":"2018-10-30T15:24:01","guid":{"rendered":"https:\/\/sucralose.kellendev.com\/sucralose-benefits\/"},"modified":"2018-11-09T15:08:23","modified_gmt":"2018-11-09T15:08:23","slug":"sucralose-benefits","status":"publish","type":"page","link":"https:\/\/sucraloseglobal.org\/pt-br\/sucralose-benefits\/","title":{"rendered":"Benef\u00edcios da sucralose"},"content":{"rendered":"[vc_row rt_row_background_width=&#8221;fullwidth&#8221; rt_row_content_width=&#8221;default&#8221; rt_row_style=&#8221;light-style&#8221; rt_row_borders=&#8221;&#8221; rt_row_shadows=&#8221;&#8221; rt_row_paddings=&#8221;true&#8221; rt_bg_effect=&#8221;parallax&#8221; rt_bg_parallax_effect=&#8221;1&#8243; rt_bg_image_repeat=&#8221;repeat&#8221; rt_bg_size=&#8221;cover&#8221; rt_bg_position=&#8221;center bottom&#8221; rt_bg_video_format=&#8221;self-hosted&#8221; rt_padding_top=&#8221;80&#8243; rt_padding_bottom=&#8221;0&#8243; rt_grid=&#8221;&#8221; rt_bg_color=&#8221;#ffed4a&#8221; rt_bg_overlay_color=&#8221;rgba(255,237,74,0.5)&#8221; rt_bg_image=&#8221;1911&#8243;][vc_column rt_column_shadow=&#8221;&#8221; rt_bg_image_repeat=&#8221;repeat&#8221; rt_bg_size=&#8221;auto auto&#8221; rt_bg_attachment=&#8221;scroll&#8221;][vc_empty_space height=&#8221;40px&#8221;]<div class=\"rt_heading_wrapper no-style\">\n\t\t\t\t\t\t<h1 class=\"rt_heading  no-style\"  style=\"font-size:50px;line-height:50px;letter-spacing:2px;\">Benef\u00edcios da sucralose<\/h1>\n\t\t\t\t\t<\/div>[vc_column_text]\n[\/vc_column_text][\/vc_column][\/vc_row][vc_row rt_row_background_width=&#8221;fullwidth&#8221; rt_row_content_width=&#8221;default&#8221; rt_row_style=&#8221;default-style&#8221; rt_row_borders=&#8221;&#8221; rt_row_shadows=&#8221;&#8221; rt_row_paddings=&#8221;true&#8221; rt_bg_effect=&#8221;classic&#8221; rt_bg_image_repeat=&#8221;repeat&#8221; rt_bg_size=&#8221;cover&#8221; rt_bg_position=&#8221;right top&#8221; rt_bg_attachment=&#8221;scroll&#8221; rt_bg_video_format=&#8221;self-hosted&#8221; rt_padding_bottom=&#8221;60&#8243;][vc_column rt_column_shadow=&#8221;&#8221; rt_bg_image_repeat=&#8221;repeat&#8221; rt_bg_size=&#8221;auto auto&#8221; rt_bg_attachment=&#8221;scroll&#8221;]<div class=\"rt_heading_wrapper style-6\">\n\t\t\t\t\t\t<h5 class=\"rt_heading  style-6\" >A sucralose tem v\u00e1rios benef\u00edcios importantes como um ado\u00e7ante sem calorias para uso em alimentos e bebidas:<\/h5>\n\t\t\t\t\t<\/div>[vc_row_inner rt_row_style=&#8221;global-style&#8221; rt_bg_custom_alignment=&#8221;top&#8221;][vc_column_inner width=&#8221;1\/2&#8243; rt_column_shadow=&#8221;&#8221; rt_bg_image_repeat=&#8221;repeat&#8221; rt_bg_size=&#8221;auto auto&#8221; rt_bg_attachment=&#8221;scroll&#8221;]<article  class=\"icon-content-box content-box icon-left icon-style-1\"><div class=\"icon-holder\"><span class=\"icon-droplet\"><\/span><\/div><div class=\"text-holder\"><h6 class=\"heading\">Produzida a partir do a\u00e7\u00facar<\/h6> <p>A sucralose \u00e9 produzida a partir do a\u00e7\u00facar e tem gosto de a\u00e7\u00facar. A sucralose \u00e9 cerca de 600 vezes mais doce que o a\u00e7\u00facar, portanto basta uma pequena quantidade para ado\u00e7ar alimentos e bebidas.<\/p>\n<\/div><\/article><article  class=\"icon-content-box content-box icon-left icon-style-1\"><div class=\"icon-holder\"><span class=\"icon-food\"><\/span><\/div><div class=\"text-holder\"><h6 class=\"heading\">Excelente sabor e versatilidade<\/h6> <p>\u00c9 cada vez maior o uso da sucralose para ado\u00e7ar saborosos alimentos e bebidas com baixo teor de calorias, e consumidores em muitos pa\u00edses est\u00e3o desfrutando do seu sabor semelhante ao do a\u00e7\u00facar. A combina\u00e7\u00e3o \u00fanica do sabor semelhante ao do a\u00e7\u00facar e a capacidade de reter a do\u00e7ura (ou seja, a sucralose n\u00e3o se decomp\u00f5e) possibilita hoje, mais do que nunca, oferecer aos consumidores uma gama muito maior de produtos com baixo teor de calorias.<\/p>\n<\/div><\/article><article  class=\"icon-content-box content-box icon-left icon-style-1\"><div class=\"icon-holder\"><span class=\"icon-user-md\"><\/span><\/div><div class=\"text-holder\"><h6 class=\"heading\">Segura para todos<\/h6> <p>A sucralose pode ser utilizada com seguran\u00e7a por toda a fam\u00edlia, incluindo crian\u00e7as, gestantes, durante a amamenta\u00e7\u00e3o e at\u00e9 mesmo por diab\u00e9ticos. Assim como todos os ingredientes alimentares, a sucralose foi submetida a um extenso programa de testes de seguran\u00e7a antes de ser autorizada no mercado. As autoridades cient\u00edficas e reguladoras em todo o mundo avaliaram os estudos sobre a seguran\u00e7a da sucralose minuciosamente, e em todos os casos conclu\u00edram que a sucralose \u00e9 segura para uso por toda a fam\u00edlia.<\/p>\n<\/div><\/article><article  class=\"icon-content-box content-box icon-left icon-style-1\"><div class=\"icon-holder\"><span class=\"icon-droplet\"><\/span><\/div><div class=\"text-holder\"><h6 class=\"heading\">Adequada para diab\u00e9ticos<\/h6> <p>O organismo n\u00e3o reconhece a sucralose como a\u00e7\u00facar ou carboidrato. N\u00e3o tem, portanto, nenhum efeito sobre a utiliza\u00e7\u00e3o de glicose, metabolismo dos carboidratos, secre\u00e7\u00e3o de insulina ou absor\u00e7\u00e3o de glicose e frutose. Estudos realizados em pessoas com n\u00edveis normais de glicose sangu\u00ednea e em pessoas com diabetes do tipo 1 ou tipo 2 confirmaram que a sucralose n\u00e3o tem nenhum efeito sobre o controle da glicose sangu\u00ednea a curto ou longo prazo.<\/p>\n<\/div><\/article>[\/vc_column_inner][vc_column_inner width=&#8221;1\/2&#8243; rt_column_shadow=&#8221;&#8221; rt_bg_image_repeat=&#8221;repeat&#8221; rt_bg_size=&#8221;auto auto&#8221; rt_bg_attachment=&#8221;scroll&#8221;]<article  class=\"icon-content-box content-box icon-left icon-style-1\"><div class=\"icon-holder\"><span class=\"icon-circle-empty\"><\/span><\/div><div class=\"text-holder\"><h6 class=\"heading\">N\u00e3o cont\u00e9m calorias<\/h6> <p>Embora seja produzida do a\u00e7\u00facar, o organismo n\u00e3o reconhece a sucralose como a\u00e7\u00facar ou carboidrato e, portanto, cont\u00e9m zero caloria. A sucralose \u00e9 uma boa alternativa para pessoas que tentam reduzir a ingest\u00e3o de a\u00e7\u00facar ou calorias. Muitos produtos diet\u00e9ticos ou \u201clight\u201d, incluindo refrigerantes ou bebidas gasosas, confeitaria, sobremesas l\u00e1cteas e culin\u00e1ria de forno, s\u00e3o ado\u00e7ados com a sucralose.<\/p>\n<\/div><\/article><article  class=\"icon-content-box content-box icon-left icon-style-1\"><div class=\"icon-holder\"><span class=\"icon-fire\"><\/span><\/div><div class=\"text-holder\"><h6 class=\"heading\">Est\u00e1vel em condi\u00e7\u00f5es de calor<\/h6> <p>A sucralose \u00e9 excepcionalmente est\u00e1vel ao calor, o que a torna ideal para uso no forno, enlatados, pasteuriza\u00e7\u00e3o, processamento ass\u00e9ptico e outros processos de fabrica\u00e7\u00e3o que requerem altas temperaturas. Nos estudos realizados em uma variedade de produtos de forno, frutas enlatadas, xaropes e geleias, n\u00e3o houve nenhuma perda mensur\u00e1vel de sucralose durante o processamento e durante a vida \u00fatil dos produtos.<\/p>\n<\/div><\/article><article  class=\"icon-content-box content-box icon-left icon-style-1\"><div class=\"icon-holder\"><span class=\"icon-thumbs-up-1\"><\/span><\/div><div class=\"text-holder\"><h6 class=\"heading\">N\u00e3o causa problemas dent\u00e1rios<\/h6> <p>A sucralose n\u00e3o causa problemas dent\u00e1rios. Estudos comprovam que a sucralose n\u00e3o \u00e9 utilizada como fonte de alimento pelas bact\u00e9rias orais que causam a c\u00e1rie dent\u00e1ria.<\/p>\n<\/div><\/article><article  class=\"icon-content-box content-box icon-left icon-style-1\"><div class=\"icon-holder\"><span class=\"icon-line-cart\"><\/span><\/div><div class=\"text-holder\"><h6 class=\"heading\">Vida \u00fatil longa<\/h6> <p>A sucralose combina o sabor do a\u00e7\u00facar com a estabilidade t\u00e9rmica, l\u00edquida e de armazenamento necess\u00e1ria para uso em todos os tipos de alimentos e bebidas. \u00c9 muito est\u00e1vel em produtos \u00e1cidos, tais como refrigerantes gasosos e outros produtos de base de l\u00edquida (por exemplo, molhos, geleias, produtos l\u00e1cteos, bebidas de frutas processadas). A sucralose tamb\u00e9m \u00e9 muito est\u00e1vel em aplica\u00e7\u00f5es secas, tais como bebidas em p\u00f3, sobremesas instant\u00e2neas e ado\u00e7antes de mesa. Os consumidores t\u00eam, portanto, a garantia de um sabor muito semelhante ao do a\u00e7\u00facar nos produtos ado\u00e7ados com a sucralose.<\/p>\n<\/div><\/article>[\/vc_column_inner][\/vc_row_inner][\/vc_column][\/vc_row][vc_row rt_row_background_width=&#8221;fullwidth&#8221; rt_row_content_width=&#8221;default&#8221; rt_row_style=&#8221;alt-style-1&#8243; rt_row_borders=&#8221;top,bottom&#8221; rt_row_shadows=&#8221;top,bottom&#8221; rt_row_paddings=&#8221;true&#8221; rt_bg_effect=&#8221;classic&#8221; rt_bg_image_repeat=&#8221;repeat&#8221; rt_bg_size=&#8221;cover&#8221; rt_bg_position=&#8221;right top&#8221; rt_bg_attachment=&#8221;scroll&#8221; rt_bg_video_format=&#8221;self-hosted&#8221;][vc_column width=&#8221;1\/3&#8243; rt_column_shadow=&#8221;&#8221; rt_bg_image_repeat=&#8221;repeat&#8221; rt_bg_size=&#8221;auto auto&#8221; rt_bg_attachment=&#8221;scroll&#8221;][vc_single_image image=&#8221;6580&#8243; img_size=&#8221;medium&#8221; alignment=&#8221;center&#8221; style=&#8221;vc_box_shadow_3d&#8221; css_animation=&#8221;appear&#8221;][\/vc_column][vc_column width=&#8221;2\/3&#8243; rt_column_shadow=&#8221;&#8221; rt_bg_image_repeat=&#8221;repeat&#8221; rt_bg_size=&#8221;auto auto&#8221; rt_bg_attachment=&#8221;scroll&#8221;]<div class=\"rt_heading_wrapper style-5\">\n\t\t\t\t\t\t<h3 class=\"rt_heading  with_punchline style-5\" ><span class=\"punchline\">de sucralosa<\/span>Produtos da sucralose<\/h3>\n\t\t\t\t\t<\/div>[vc_column_text]A sucralose \u00e9 o ado\u00e7ante utilizado nos produtos de mesa da marca SPLENDA\u00ae (em pastilhas, envelope ou p\u00f3 granulado). Estes s\u00e3o utilizados em casa para ado\u00e7ar bebidas e na culin\u00e1ria caseira de forno e fog\u00e3o. Para obter mais informa\u00e7\u00f5es sobre estes produtos, incluindo a gama de produtos dispon\u00edveis e muitas receitas que voc\u00ea poder\u00e1 preparar em casa, clique aqui.[\/vc_column_text][vc_row_inner rt_row_style=&#8221;global-style&#8221; rt_bg_custom_alignment=&#8221;top&#8221;][vc_column_inner width=&#8221;1\/3&#8243; rt_column_shadow=&#8221;&#8221; rt_bg_image_repeat=&#8221;repeat&#8221; rt_bg_size=&#8221;auto auto&#8221; rt_bg_attachment=&#8221;scroll&#8221;]<div class=\"button_wrapper aligncenter \"><a  href=\"https:\/\/www.splenda.com\/\" target=\"_blank\" title=\"splenda.com\" class=\"button_  color small\">splenda.com<\/a><\/div>[\/vc_column_inner][vc_column_inner width=&#8221;1\/3&#8243; rt_column_shadow=&#8221;&#8221; rt_bg_image_repeat=&#8221;repeat&#8221; rt_bg_size=&#8221;auto auto&#8221; rt_bg_attachment=&#8221;scroll&#8221;]<div class=\"button_wrapper aligncenter \"><a  href=\"http:\/\/www.splendaenespanol.com\/\" target=\"_blank\" title=\"splendaenespanol.com\" class=\"button_  color small\">splendaenespanol.com<\/a><\/div>[\/vc_column_inner][vc_column_inner width=&#8221;1\/3&#8243; rt_column_shadow=&#8221;&#8221; rt_bg_image_repeat=&#8221;repeat&#8221; rt_bg_size=&#8221;auto auto&#8221; rt_bg_attachment=&#8221;scroll&#8221;]<div class=\"button_wrapper aligncenter \"><a  href=\"http:\/\/www.splenda.ca\/\" target=\"_blank\" title=\"splenda.ca\" class=\"button_  color small\">splenda.ca<\/a><\/div>[\/vc_column_inner][\/vc_row_inner][\/vc_column][\/vc_row][vc_row rt_row_background_width=&#8221;fullwidth&#8221; rt_row_content_width=&#8221;default&#8221; rt_row_style=&#8221;default-style&#8221; rt_row_borders=&#8221;&#8221; rt_row_shadows=&#8221;&#8221; rt_row_paddings=&#8221;true&#8221; rt_bg_effect=&#8221;classic&#8221; rt_bg_image_repeat=&#8221;repeat&#8221; rt_bg_size=&#8221;cover&#8221; rt_bg_position=&#8221;right top&#8221; rt_bg_attachment=&#8221;scroll&#8221; rt_bg_video_format=&#8221;self-hosted&#8221;][vc_column width=&#8221;1\/3&#8243; rt_column_shadow=&#8221;&#8221; rt_bg_image_repeat=&#8221;repeat&#8221; rt_bg_size=&#8221;auto auto&#8221; rt_bg_attachment=&#8221;scroll&#8221;]<article  class=\"image-content-box content-box box-style-1 left\"><div class=\"featured_image_holder\"><a href=\"\/pt-br\/what-the-experts-say\/\" title=\"Saiba mais\" target=\"_self\"><img decoding=\"async\" class=\"img-responsive\" src=\"https:\/\/sucraloseglobal.org\/wp-content\/uploads\/2018\/11\/AdobeStock_146105073-Copy.jpeg\" alt=\"\" \/><\/a><\/div><div class=\"text-holder\">\n\t<h4 class=\"heading\" >\n\t\t<a href=\"\/pt-br\/what-the-experts-say\/\" title=\"O que dizem os especialistas\" target=\"_self\" >\n\t\t\tO que dizem os especialistas\n\t\t<\/a>\n\t<\/h4> <p style=\"background: white; margin: 0in 0in 15.0pt 0in;\">specialistas cient\u00edficos em todo o mundo respaldam a seguran\u00e7a da sucralose e seu papel em produtos de baixo teor cal\u00f3rico como parte do combate ao aumento dos n\u00edveis de obesidade.<\/p>\n<a class=\"read_more\" href=\"\/pt-br\/what-the-experts-say\/\" title=\"Saiba mais\" target=\"_self\" >Saiba mais<\/a><\/div><\/article>[\/vc_column][vc_column width=&#8221;1\/3&#8243; rt_column_shadow=&#8221;&#8221; rt_bg_image_repeat=&#8221;repeat&#8221; rt_bg_size=&#8221;auto auto&#8221; rt_bg_attachment=&#8221;scroll&#8221;]<article  class=\"image-content-box content-box box-style-1 left\"><div class=\"featured_image_holder\"><a href=\"\/pt-br\/faqs\/\" title=\"Saiba mais\" target=\"_self\"><img decoding=\"async\" class=\"img-responsive\" src=\"https:\/\/sucraloseglobal.org\/wp-content\/uploads\/2016\/01\/questions.png\" alt=\"\" \/><\/a><\/div><div class=\"text-holder\">\n\t<h4 class=\"heading\" >\n\t\t<a href=\"\/pt-br\/faqs\/\" title=\"Perguntas frequentes\" target=\"_self\" >\n\t\t\tPerguntas frequentes\n\t\t<\/a>\n\t<\/h4> <p>Temos as respostas \u00e0s suas perguntas frequentes sobre o popular ado\u00e7ante de baixo teor cal\u00f3rico, a sucralose.<\/p>\n<a class=\"read_more\" href=\"\/pt-br\/faqs\/\" title=\"Saiba mais\" target=\"_self\" >Saiba mais<\/a><\/div><\/article>[\/vc_column][vc_column width=&#8221;1\/3&#8243; rt_column_shadow=&#8221;&#8221; rt_bg_image_repeat=&#8221;repeat&#8221; rt_bg_size=&#8221;auto auto&#8221; rt_bg_attachment=&#8221;scroll&#8221;]<article  class=\"image-content-box content-box box-style-1 left\"><div class=\"featured_image_holder\"><a href=\"\/pt-br\/sucralose-facts\/\" title=\"Saiba mais\" target=\"_self\"><img decoding=\"async\" class=\"img-responsive\" src=\"https:\/\/sucraloseglobal.org\/wp-content\/uploads\/2016\/01\/experts.png\" alt=\"\" \/><\/a><\/div><div class=\"text-holder\">\n\t<h4 class=\"heading\" >\n\t\t<a href=\"\/pt-br\/sucralose-facts\/\" title=\"Mitos e fatos\" target=\"_self\" >\n\t\t\tMitos e fatos\n\t\t<\/a>\n\t<\/h4> <p style=\"background: white; margin: 0in 0in 15.0pt 0in;\">Conhe\u00e7a os fatos por tr\u00e1s dos mitos sobre a sucralose.<\/p>\n<a class=\"read_more\" href=\"\/pt-br\/sucralose-facts\/\" title=\"Saiba mais\" target=\"_self\" >Saiba mais<\/a><\/div><\/article>[\/vc_column][\/vc_row]\n","protected":false},"excerpt":{"rendered":"<p>[vc_row rt_row_background_width=&#8221;fullwidth&#8221; rt_row_content_width=&#8221;default&#8221; rt_row_style=&#8221;light-style&#8221; rt_row_borders=&#8221;&#8221; rt_row_shadows=&#8221;&#8221; rt_row_paddings=&#8221;true&#8221; rt_bg_effect=&#8221;parallax&#8221; rt_bg_parallax_effect=&#8221;1&#8243; rt_bg_image_repeat=&#8221;repeat&#8221; rt_bg_size=&#8221;cover&#8221; rt_bg_position=&#8221;center bottom&#8221; rt_bg_video_format=&#8221;self-hosted&#8221; rt_padding_top=&#8221;80&#8243; rt_padding_bottom=&#8221;0&#8243; rt_grid=&#8221;&#8221; rt_bg_color=&#8221;#ffed4a&#8221; rt_bg_overlay_color=&#8221;rgba(255,237,74,0.5)&#8221; rt_bg_image=&#8221;1911&#8243;][vc_column rt_column_shadow=&#8221;&#8221; rt_bg_image_repeat=&#8221;repeat&#8221; rt_bg_size=&#8221;auto auto&#8221; rt_bg_attachment=&#8221;scroll&#8221;][vc_empty_space height=&#8221;40px&#8221;][vc_column_text] [\/vc_column_text][\/vc_column][\/vc_row][vc_row rt_row_background_width=&#8221;fullwidth&#8221; rt_row_content_width=&#8221;default&#8221; rt_row_style=&#8221;default-style&#8221; rt_row_borders=&#8221;&#8221; rt_row_shadows=&#8221;&#8221; rt_row_paddings=&#8221;true&#8221; rt_bg_effect=&#8221;classic&#8221; rt_bg_image_repeat=&#8221;repeat&#8221; rt_bg_size=&#8221;cover&#8221; rt_bg_position=&#8221;right top&#8221; rt_bg_attachment=&#8221;scroll&#8221; rt_bg_video_format=&#8221;self-hosted&#8221; rt_padding_bottom=&#8221;60&#8243;][vc_column rt_column_shadow=&#8221;&#8221; rt_bg_image_repeat=&#8221;repeat&#8221; rt_bg_size=&#8221;auto auto&#8221; rt_bg_attachment=&#8221;scroll&#8221;][vc_row_inner rt_row_style=&#8221;global-style&#8221; rt_bg_custom_alignment=&#8221;top&#8221;][vc_column_inner width=&#8221;1\/2&#8243; rt_column_shadow=&#8221;&#8221; rt_bg_image_repeat=&#8221;repeat&#8221; rt_bg_size=&#8221;auto auto&#8221; rt_bg_attachment=&#8221;scroll&#8221;][\/vc_column_inner][vc_column_inner width=&#8221;1\/2&#8243; &#8230; <a class=\"more-link\" href=\"https:\/\/sucraloseglobal.org\/pt-br\/sucralose-benefits\/\">Continue reading<\/a><\/p>\n","protected":false},"author":3,"featured_media":0,"parent":0,"menu_order":0,"comment_status":"closed","ping_status":"closed","template":"","meta":{"footnotes":""},"class_list":["post-11002","page","type-page","status-publish","hentry"],"_links":{"self":[{"href":"https:\/\/sucraloseglobal.org\/pt-br\/wp-json\/wp\/v2\/pages\/11002\/"}],"collection":[{"href":"https:\/\/sucraloseglobal.org\/pt-br\/wp-json\/wp\/v2\/pages\/"}],"about":[{"href":"https:\/\/sucraloseglobal.org\/pt-br\/wp-json\/wp\/v2\/types\/page\/"}],"author":[{"embeddable":true,"href":"https:\/\/sucraloseglobal.org\/pt-br\/wp-json\/wp\/v2\/users\/3\/"}],"replies":[{"embeddable":true,"href":"https:\/\/sucraloseglobal.org\/pt-br\/wp-json\/wp\/v2\/comments\/?post=11002"}],"version-history":[{"count":0,"href":"https:\/\/sucraloseglobal.org\/pt-br\/wp-json\/wp\/v2\/pages\/11002\/revisions\/"}],"wp:attachment":[{"href":"https:\/\/sucraloseglobal.org\/pt-br\/wp-json\/wp\/v2\/media\/?parent=11002"}],"curies":[{"name":"wp","href":"https:\/\/api.w.org\/{rel}","templated":true}]}}