{"id":11100,"date":"2016-01-22T03:46:42","date_gmt":"2016-01-22T03:46:42","guid":{"rendered":"https:\/\/sucralose.kellendev.com\/home-page\/"},"modified":"2018-11-09T16:19:20","modified_gmt":"2018-11-09T16:19:20","slug":"home-page","status":"publish","type":"page","link":"https:\/\/sucraloseglobal.org\/pt-br\/","title":{"rendered":"Home Page"},"content":{"rendered":"[vc_row rt_row_background_width=&#8221;fullwidth&#8221; rt_row_content_width=&#8221;default&#8221; rt_row_style=&#8221;default-style&#8221; rt_column_placement=&#8221;middle&#8221; rt_row_borders=&#8221;top,bottom&#8221; rt_row_shadows=&#8221;&#8221; rt_row_paddings=&#8221;true&#8221; rt_bg_effect=&#8221;classic&#8221; rt_bg_image_repeat=&#8221;no-repeat&#8221; rt_bg_size=&#8221;cover&#8221; rt_bg_position=&#8221;left center&#8221; rt_bg_attachment=&#8221;scroll&#8221; rt_bg_video_format=&#8221;self-hosted&#8221; rt_bg_image=&#8221;11169&#8243; rt_padding_top=&#8221;50&#8243; rt_padding_bottom=&#8221;50&#8243; rt_row_height=&#8221;500&#8243;][vc_column width=&#8221;1\/2&#8243; rt_column_shadow=&#8221;&#8221; rt_bg_image_repeat=&#8221;repeat&#8221; rt_bg_size=&#8221;auto auto&#8221; rt_bg_attachment=&#8221;scroll&#8221; offset=&#8221;vc_hidden-sm vc_hidden-xs&#8221; rt_bg_color=&#8221;&#8221; rt_bg_overlay_color=&#8221;&#8221;][vc_empty_space][\/vc_column][vc_column width=&#8221;1\/2&#8243; rt_column_shadow=&#8221;&#8221; rt_bg_image_repeat=&#8221;repeat&#8221; rt_bg_size=&#8221;auto auto&#8221; rt_bg_attachment=&#8221;scroll&#8221; rt_bg_color=&#8221;&#8221; rt_bg_overlay_color=&#8221;&#8221;]<div class=\"rt_heading_wrapper style-5\">\n\t\t\t\t\t\t<h1 class=\"rt_heading  style-5\" >O que \u00e9 Sucralose?<\/h1>\n\t\t\t\t\t<\/div>[vc_column_text]A Sucralose (tamb\u00e9m conhecido como Splenda \u00ae) \u00e9 um ado\u00e7ante sem calorias usado em todo o mundo em mais de 5.000 alimentos e bebidas. Com a obesidade cada vez mais comum, muitas orienta\u00e7\u00f5es diet\u00e9ticas est\u00e3o recomendando que os consumidores a escolher os alimentos e bebidas que moderar a ingest\u00e3o de a\u00e7\u00facares.[\/vc_column_text]<div class=\"button_wrapper align \"><a  href=\"\/pt-br\/o-que-e-sucralose\/\" target=\"_self\" title=\"Saiba mais\" class=\"button_  color small\">Saiba mais<\/a><\/div>[\/vc_column][\/vc_row][vc_row rt_row_background_width=&#8221;fullwidth&#8221; rt_row_content_width=&#8221;default&#8221; rt_row_style=&#8221;default-style&#8221; rt_row_borders=&#8221;&#8221; rt_row_shadows=&#8221;&#8221; rt_row_paddings=&#8221;true&#8221; rt_bg_effect=&#8221;classic&#8221; rt_bg_image_repeat=&#8221;repeat&#8221; rt_bg_size=&#8221;cover&#8221; rt_bg_position=&#8221;right top&#8221; rt_bg_attachment=&#8221;scroll&#8221; rt_bg_video_format=&#8221;self-hosted&#8221;][vc_column width=&#8221;1\/2&#8243; rt_column_shadow=&#8221;&#8221; rt_bg_image_repeat=&#8221;repeat&#8221; rt_bg_size=&#8221;auto auto&#8221; rt_bg_attachment=&#8221;scroll&#8221;][vc_empty_space]<article  class=\"image-content-box content-box box-style-1 left\"><div class=\"featured_image_holder\"><a href=\"\/pt-br\/sucralose-facts\/\" title=\"Saiba mais\" target=\"_self\"><img decoding=\"async\" class=\"img-responsive\" src=\"https:\/\/sucraloseglobal.org\/wp-content\/uploads\/2016\/01\/shopping.jpg\" alt=\"\" \/><\/a><\/div><div class=\"text-holder\">\n\t<h3 class=\"heading\" >\n\t\t<a href=\"\/pt-br\/sucralose-facts\/\" title=\"As afirma\u00e7\u00f5es\" target=\"_self\" >\n\t\t\tAs afirma\u00e7\u00f5es\n\t\t<\/a>\n\t<\/h3> <p>As ag\u00eancias reguladoras realizaram investiga\u00e7\u00f5es cient\u00edficas completas sobre a sucralose. Segue abaixo uma amostra de algumas pesquisas realizadas sobre a sucralose.<\/p>\n<a class=\"read_more\" href=\"\/pt-br\/sucralose-facts\/\" title=\"Saiba mais\" target=\"_self\" >Saiba mais<\/a><\/div><\/article>[\/vc_column][vc_column width=&#8221;1\/2&#8243; rt_column_shadow=&#8221;&#8221; rt_bg_image_repeat=&#8221;repeat&#8221; rt_bg_size=&#8221;auto auto&#8221; rt_bg_attachment=&#8221;scroll&#8221;][vc_empty_space]<article  class=\"image-content-box content-box box-style-1 left\"><div class=\"featured_image_holder\"><a href=\"\/pt-br\/sucralose-benefits\/\" title=\"Saiba mais\" target=\"_self\"><img decoding=\"async\" class=\"img-responsive\" src=\"https:\/\/sucraloseglobal.org\/wp-content\/uploads\/2016\/01\/photodune-11645393-dumbbells-and-weight-scale-machines-xs-1.jpg\" alt=\"\" \/><\/a><\/div><div class=\"text-holder\">\n\t<h3 class=\"heading\" >\n\t\t<a href=\"\/pt-br\/sucralose-benefits\/\" title=\"Benef\u00edcios da sucralose\" target=\"_self\" >\n\t\t\tBenef\u00edcios da sucralose\n\t\t<\/a>\n\t<\/h3> <p>A substitui\u00e7\u00e3o do a\u00e7\u00facar pela sucralose pode proporcionar in\u00fameros benef\u00edcios.<\/p>\n<a class=\"read_more\" href=\"\/pt-br\/sucralose-benefits\/\" title=\"Saiba mais\" target=\"_self\" >Saiba mais<\/a><\/div><\/article>[\/vc_column][\/vc_row][vc_row rt_row_background_width=&#8221;fullwidth&#8221; rt_row_content_width=&#8221;default&#8221; rt_row_style=&#8221;default-style&#8221; rt_row_borders=&#8221;&#8221; rt_row_shadows=&#8221;&#8221; rt_row_paddings=&#8221;true&#8221; rt_bg_effect=&#8221;classic&#8221; rt_bg_image_repeat=&#8221;repeat&#8221; rt_bg_size=&#8221;cover&#8221; rt_bg_position=&#8221;right top&#8221; rt_bg_attachment=&#8221;scroll&#8221; rt_bg_video_format=&#8221;self-hosted&#8221;][vc_column width=&#8221;1\/3&#8243; rt_column_shadow=&#8221;&#8221; rt_bg_image_repeat=&#8221;repeat&#8221; rt_bg_size=&#8221;auto auto&#8221; rt_bg_attachment=&#8221;scroll&#8221;][vc_empty_space]<article  class=\"image-content-box content-box box-style-1 left\"><div class=\"featured_image_holder\"><a href=\"\/pt-br\/what-the-experts-say\/\" title=\"Saiba mais\" target=\"_self\"><img decoding=\"async\" class=\"img-responsive\" src=\"https:\/\/sucraloseglobal.org\/wp-content\/uploads\/2018\/11\/AdobeStock_146105073-edited-1.jpg\" alt=\"\" \/><\/a><\/div><div class=\"text-holder\">\n\t<h3 class=\"heading\" >\n\t\t<a href=\"\/pt-br\/what-the-experts-say\/\" title=\"O que dizem os especialistas\" target=\"_self\" >\n\t\t\tO que dizem os especialistas\n\t\t<\/a>\n\t<\/h3> <p>specialistas cient\u00edficos em todo o mundo respaldam a seguran\u00e7a da sucralose e seu papel em produtos de baixo teor cal\u00f3rico como parte do combate ao aumento dos n\u00edveis de obesidade.<\/p>\n<a class=\"read_more\" href=\"\/pt-br\/what-the-experts-say\/\" title=\"Saiba mais\" target=\"_self\" >Saiba mais<\/a><\/div><\/article>[vc_empty_space][\/vc_column][vc_column width=&#8221;1\/3&#8243; rt_column_shadow=&#8221;&#8221; rt_bg_image_repeat=&#8221;repeat&#8221; rt_bg_size=&#8221;auto auto&#8221; rt_bg_attachment=&#8221;scroll&#8221;][vc_empty_space]<article  class=\"image-content-box content-box box-style-1 left\"><div class=\"featured_image_holder\"><a href=\"\/pt-br\/faqs\/\" title=\"Saiba mais\" target=\"_self\"><img decoding=\"async\" class=\"img-responsive\" src=\"https:\/\/sucraloseglobal.org\/wp-content\/uploads\/2016\/01\/questions.png\" alt=\"\" \/><\/a><\/div><div class=\"text-holder\">\n\t<h3 class=\"heading\" >\n\t\t<a href=\"\/pt-br\/faqs\/\" title=\"Perguntas frequentes\" target=\"_self\" >\n\t\t\tPerguntas frequentes\n\t\t<\/a>\n\t<\/h3> <p>Temos as respostas \u00e0s suas perguntas frequentes sobre o popular ado\u00e7ante de baixo teor cal\u00f3rico, a sucralose.<\/p>\n<a class=\"read_more\" href=\"\/pt-br\/faqs\/\" title=\"Saiba mais\" target=\"_self\" >Saiba mais<\/a><\/div><\/article>[vc_empty_space][\/vc_column][vc_column width=&#8221;1\/3&#8243; rt_column_shadow=&#8221;&#8221; rt_bg_image_repeat=&#8221;repeat&#8221; rt_bg_size=&#8221;auto auto&#8221; rt_bg_attachment=&#8221;scroll&#8221;][vc_empty_space]<article  class=\"image-content-box content-box box-style-1 left\"><div class=\"featured_image_holder\"><a href=\"\/pt-br\/o-que-e-sucralose\/\" title=\"Saiba mais\" target=\"_self\"><img decoding=\"async\" class=\"img-responsive\" src=\"https:\/\/sucraloseglobal.org\/wp-content\/uploads\/2016\/01\/drink.jpg\" alt=\"\" \/><\/a><\/div><div class=\"text-holder\">\n\t<h3 class=\"heading\" >\n\t\t<a href=\"\/pt-br\/o-que-e-sucralose\/\" title=\"Fatos sobre a sucralose\" target=\"_self\" >\n\t\t\tFatos sobre a sucralose\n\t\t<\/a>\n\t<\/h3> <p>Todos os ingredientes alimentares t\u00eam de ser submetidos a testes rigorosos antes da autoriza\u00e7\u00e3o para a venda. A sucralose n\u00e3o \u00e9 uma exce\u00e7\u00e3o.<\/p>\n<a class=\"read_more\" href=\"\/pt-br\/o-que-e-sucralose\/\" title=\"Saiba mais\" target=\"_self\" >Saiba mais<\/a><\/div><\/article>[vc_empty_space][\/vc_column][\/vc_row]\n","protected":false},"excerpt":{"rendered":"<p>[vc_row rt_row_background_width=&#8221;fullwidth&#8221; rt_row_content_width=&#8221;default&#8221; rt_row_style=&#8221;default-style&#8221; rt_column_placement=&#8221;middle&#8221; rt_row_borders=&#8221;top,bottom&#8221; rt_row_shadows=&#8221;&#8221; rt_row_paddings=&#8221;true&#8221; rt_bg_effect=&#8221;classic&#8221; rt_bg_image_repeat=&#8221;no-repeat&#8221; rt_bg_size=&#8221;cover&#8221; rt_bg_position=&#8221;left center&#8221; rt_bg_attachment=&#8221;scroll&#8221; rt_bg_video_format=&#8221;self-hosted&#8221; rt_bg_image=&#8221;11169&#8243; rt_padding_top=&#8221;50&#8243; rt_padding_bottom=&#8221;50&#8243; rt_row_height=&#8221;500&#8243;][vc_column width=&#8221;1\/2&#8243; rt_column_shadow=&#8221;&#8221; rt_bg_image_repeat=&#8221;repeat&#8221; rt_bg_size=&#8221;auto auto&#8221; rt_bg_attachment=&#8221;scroll&#8221; offset=&#8221;vc_hidden-sm vc_hidden-xs&#8221; rt_bg_color=&#8221;&#8221; rt_bg_overlay_color=&#8221;&#8221;][vc_empty_space][\/vc_column][vc_column width=&#8221;1\/2&#8243; rt_column_shadow=&#8221;&#8221; rt_bg_image_repeat=&#8221;repeat&#8221; rt_bg_size=&#8221;auto auto&#8221; rt_bg_attachment=&#8221;scroll&#8221; rt_bg_color=&#8221;&#8221; rt_bg_overlay_color=&#8221;&#8221;][vc_column_text]A Sucralose (tamb\u00e9m conhecido como Splenda \u00ae) \u00e9 um ado\u00e7ante sem calorias usado em todo o mundo em mais &#8230; <a class=\"more-link\" href=\"https:\/\/sucraloseglobal.org\/pt-br\/\">Continue reading<\/a><\/p>\n","protected":false},"author":1,"featured_media":0,"parent":0,"menu_order":0,"comment_status":"closed","ping_status":"closed","template":"","meta":{"footnotes":""},"class_list":["post-11100","page","type-page","status-publish","hentry"],"_links":{"self":[{"href":"https:\/\/sucraloseglobal.org\/pt-br\/wp-json\/wp\/v2\/pages\/11100\/"}],"collection":[{"href":"https:\/\/sucraloseglobal.org\/pt-br\/wp-json\/wp\/v2\/pages\/"}],"about":[{"href":"https:\/\/sucraloseglobal.org\/pt-br\/wp-json\/wp\/v2\/types\/page\/"}],"author":[{"embeddable":true,"href":"https:\/\/sucraloseglobal.org\/pt-br\/wp-json\/wp\/v2\/users\/1\/"}],"replies":[{"embeddable":true,"href":"https:\/\/sucraloseglobal.org\/pt-br\/wp-json\/wp\/v2\/comments\/?post=11100"}],"version-history":[{"count":0,"href":"https:\/\/sucraloseglobal.org\/pt-br\/wp-json\/wp\/v2\/pages\/11100\/revisions\/"}],"wp:attachment":[{"href":"https:\/\/sucraloseglobal.org\/pt-br\/wp-json\/wp\/v2\/media\/?parent=11100"}],"curies":[{"name":"wp","href":"https:\/\/api.w.org\/{rel}","templated":true}]}}