{"id":11121,"date":"2016-10-05T14:54:57","date_gmt":"2016-10-05T14:54:57","guid":{"rendered":"https:\/\/sucralose.kellendev.com\/what-the-experts-say\/"},"modified":"2018-11-09T14:42:50","modified_gmt":"2018-11-09T14:42:50","slug":"what-the-experts-say","status":"publish","type":"page","link":"https:\/\/sucraloseglobal.org\/pt-br\/what-the-experts-say\/","title":{"rendered":"O que dizem os especialistas"},"content":{"rendered":"[vc_row rt_row_background_width=&#8221;fullwidth&#8221; rt_row_content_width=&#8221;default&#8221; rt_row_style=&#8221;light-style&#8221; rt_row_borders=&#8221;&#8221; rt_row_shadows=&#8221;&#8221; rt_row_paddings=&#8221;true&#8221; rt_bg_effect=&#8221;parallax&#8221; rt_bg_parallax_effect=&#8221;1&#8243; rt_bg_image_repeat=&#8221;repeat&#8221; rt_bg_size=&#8221;cover&#8221; rt_bg_position=&#8221;center bottom&#8221; rt_bg_video_format=&#8221;self-hosted&#8221; rt_padding_top=&#8221;80&#8243; rt_padding_bottom=&#8221;0&#8243; rt_grid=&#8221;&#8221; rt_bg_color=&#8221;#ffed4a&#8221; rt_bg_overlay_color=&#8221;rgba(255,237,74,0.5)&#8221; rt_bg_image=&#8221;1911&#8243;][vc_column rt_column_shadow=&#8221;&#8221; rt_bg_image_repeat=&#8221;repeat&#8221; rt_bg_size=&#8221;auto auto&#8221; rt_bg_attachment=&#8221;scroll&#8221;][vc_empty_space height=&#8221;40px&#8221;]<div class=\"rt_heading_wrapper no-style\">\n\t\t\t\t\t\t<h1 class=\"rt_heading  no-style\"  style=\"font-size:50px;line-height:50px;letter-spacing:2px;\">O que dizem os especialistas<\/h1>\n\t\t\t\t\t<\/div>[vc_column_text]\n[\/vc_column_text][\/vc_column][\/vc_row][vc_row rt_row_background_width=&#8221;fullwidth&#8221; rt_row_content_width=&#8221;default&#8221; rt_row_style=&#8221;default-style&#8221; rt_row_borders=&#8221;&#8221; rt_row_shadows=&#8221;&#8221; rt_row_paddings=&#8221;true&#8221; rt_bg_effect=&#8221;classic&#8221; rt_bg_image_repeat=&#8221;repeat&#8221; rt_bg_size=&#8221;cover&#8221; rt_bg_position=&#8221;right top&#8221; rt_bg_attachment=&#8221;scroll&#8221; rt_bg_video_format=&#8221;self-hosted&#8221; rt_padding_bottom=&#8221;0&#8243;][vc_column rt_column_shadow=&#8221;&#8221; rt_bg_image_repeat=&#8221;repeat&#8221; rt_bg_size=&#8221;auto auto&#8221; rt_bg_attachment=&#8221;scroll&#8221;][vc_column_text]<strong>Especialistas cient\u00edficos em todo o mundo respaldam a seguran\u00e7a da sucralose e seu papel em produtos de baixo teor cal\u00f3rico como parte do combate ao aumento dos n\u00edveis de obesidade. A seguir, algumas cita\u00e7\u00f5es sobre os benef\u00edcios e seguran\u00e7a da sucralose:<\/strong>[\/vc_column_text][vc_empty_space][vc_row_inner rt_row_style=&#8221;global-style&#8221; rt_bg_custom_alignment=&#8221;top&#8221;][vc_column_inner width=&#8221;1\/2&#8243; rt_column_shadow=&#8221;&#8221; rt_bg_image_repeat=&#8221;repeat&#8221; rt_bg_size=&#8221;auto auto&#8221; rt_bg_attachment=&#8221;scroll&#8221;]<div class=\"rt_quote\"  >\n\t\t\t\t\t\t\t<p>\n\t\t\t\t\t\t\t\t<span class=\"icon-quote-left\"><\/span>\n\t\t\t\t\t\t\t\t\u201cPara determinar a seguran\u00e7a da sucralose a FDA, Administra\u00e7\u00e3o de Alimentos e Medicamentos dos EUA, analisou dados de mais de 110 estudos com seres humanos e animais. Muitos dos estudos foram desenvolvidos para identificar poss\u00edveis efeitos t\u00f3xicos, incluindo efeitos carcinog\u00eanicos, reprodutivos e neurol\u00f3gicos. N\u00e3o foi encontrado nenhum destes efeitos e a aprova\u00e7\u00e3o da FDA baseia-se na conclus\u00e3o de que a sucralose \u00e9 segura para o consumo humano.\u201d\n\t\t\t\t\t\t\t\t<span class=\"icon-quote-right\"><\/span>\n\t\t\t\t\t\t\t<\/p>\n\t\t\t\t\t\t\t<div class=\"author_info\">\n\t\t\t\t\t\t<span>Documento de Discuss\u00e3o T98-16 da FDA<\/span> \n\t\t\t\t\t<\/div>\n\t\t\t\t\t<\/div>[\/vc_column_inner][vc_column_inner width=&#8221;1\/2&#8243; rt_column_shadow=&#8221;&#8221; rt_bg_image_repeat=&#8221;repeat&#8221; rt_bg_size=&#8221;auto auto&#8221; rt_bg_attachment=&#8221;scroll&#8221;]<div class=\"rt_quote\"  >\n\t\t\t\t\t\t\t<p>\n\t\t\t\t\t\t\t\t<span class=\"icon-quote-left\"><\/span>\n\t\t\t\t\t\t\t\t\u201cH\u00e1 provas adequadas [acerca da sucralose] de que n\u00e3o h\u00e1 problemas de mutagenicidade, carcinogenicidade, desenvolvimento ou toxicidade reprodutiva\u201d.\n\t\t\t\t\t\t\t\t<span class=\"icon-quote-right\"><\/span>\n\t\t\t\t\t\t\t<\/p>\n\t\t\t\t\t\t\t<div class=\"author_info\">\n\t\t\t\t\t\t<span>Opini\u00e3o do Comit\u00ea Cient\u00edfico de Alimenta\u00e7\u00e3o Humana da Comiss\u00e3o Europeia acerca da Sucralose, 7 de setembro de 2000<\/span> \n\t\t\t\t\t<\/div>\n\t\t\t\t\t<\/div>[\/vc_column_inner][\/vc_row_inner][vc_empty_space][vc_row_inner rt_row_style=&#8221;global-style&#8221; rt_bg_custom_alignment=&#8221;top&#8221;][vc_column_inner width=&#8221;1\/2&#8243; rt_column_shadow=&#8221;&#8221; rt_bg_image_repeat=&#8221;repeat&#8221; rt_bg_size=&#8221;auto auto&#8221; rt_bg_attachment=&#8221;scroll&#8221;]<div class=\"rt_quote\"  >\n\t\t\t\t\t\t\t<p>\n\t\t\t\t\t\t\t\t<span class=\"icon-quote-left\"><\/span>\n\t\t\t\t\t\t\t\t\u201cTodos os ado\u00e7antes de baixo teor cal\u00f3rico nos Estados Unidos passaram por testes exaustivos antes de serem aprovados. Os resultados dos testes demonstraram que os ado\u00e7antes de baixo teor cal\u00f3rico s\u00e3o seguros para todas as pessoas, inclusive crian\u00e7as e gestantes. A sucralose \u00e9 o ado\u00e7ante de baixo teor cal\u00f3rico mais recente no mercado. A sucralose n\u00e3o \u00e9 afetada pelo calor e mant\u00e9m o dul\u00e7or em bebidas quentes, assados e alimentos processados\u201d.\n\t\t\t\t\t\t\t\t<span class=\"icon-quote-right\"><\/span>\n\t\t\t\t\t\t\t<\/p>\n\t\t\t\t\t\t\t<div class=\"author_info\">\n\t\t\t\t\t\t<span>Associa\u00e7\u00e3o Americana de Diabetes<\/span> \n\t\t\t\t\t<\/div>\n\t\t\t\t\t<\/div>[\/vc_column_inner][vc_column_inner width=&#8221;1\/2&#8243; rt_column_shadow=&#8221;&#8221; rt_bg_image_repeat=&#8221;repeat&#8221; rt_bg_size=&#8221;auto auto&#8221; rt_bg_attachment=&#8221;scroll&#8221;]<div class=\"rt_quote\"  >\n\t\t\t\t\t\t\t<p>\n\t\t\t\t\t\t\t\t<span class=\"icon-quote-left\"><\/span>\n\t\t\t\t\t\t\t\t\u201cA sucralose foi aprovada pela FDA como ado\u00e7ante de mesa em 1998, seguida da aprova\u00e7\u00e3o como ado\u00e7ante para uso geral em 1999. Antes de aprovar a sucralose a FDA analisou mais de 100 estudos de seguran\u00e7a que haviam sido realizados, inclusive estudos de avalia\u00e7\u00e3o do risco de c\u00e2ncer. Os resultados destes estudos n\u00e3o demonstraram evid\u00eancias de que estes ado\u00e7antes causam c\u00e2ncer ou que representam qualquer outro risco \u00e0 sa\u00fade humana\u201d.\n\t\t\t\t\t\t\t\t<span class=\"icon-quote-right\"><\/span>\n\t\t\t\t\t\t\t<\/p>\n\t\t\t\t\t\t\t<div class=\"author_info\">\n\t\t\t\t\t\t<span>Instituto Nacional do C\u00e2ncer `{`EUA`}`<\/span> \n\t\t\t\t\t<\/div>\n\t\t\t\t\t<\/div>[\/vc_column_inner][\/vc_row_inner][vc_empty_space][\/vc_column][\/vc_row][vc_row rt_row_background_width=&#8221;fullwidth&#8221; rt_row_content_width=&#8221;default&#8221; rt_row_style=&#8221;alt-style-2&#8243; rt_row_borders=&#8221;top,bottom&#8221; rt_row_shadows=&#8221;&#8221; rt_row_paddings=&#8221;true&#8221; rt_bg_effect=&#8221;classic&#8221; rt_bg_image_repeat=&#8221;repeat&#8221; rt_bg_size=&#8221;cover&#8221; rt_bg_position=&#8221;right top&#8221; rt_bg_attachment=&#8221;scroll&#8221; rt_bg_video_format=&#8221;self-hosted&#8221;][vc_column rt_column_shadow=&#8221;&#8221; rt_bg_image_repeat=&#8221;repeat&#8221; rt_bg_size=&#8221;auto auto&#8221; rt_bg_attachment=&#8221;scroll&#8221;]<div class=\"rt_heading_wrapper style-3\">\n\t\t\t\t\t\t<h4 class=\"rt_heading  style-3\" >Para mais informa\u00e7\u00f5es sobre a sucralose visite:<\/h4>\n\t\t\t\t\t<\/div>[vc_row_inner rt_row_style=&#8221;global-style&#8221; rt_bg_custom_alignment=&#8221;top&#8221;][vc_column_inner width=&#8221;1\/3&#8243; rt_column_shadow=&#8221;&#8221; rt_bg_image_repeat=&#8221;repeat&#8221; rt_bg_size=&#8221;auto auto&#8221; rt_bg_attachment=&#8221;scroll&#8221;]<div class=\"rt_heading_wrapper no-style\">\n\t\t\t\t\t\t<h6 class=\"rt_heading  no-style\" >Organiza\u00e7\u00f5es de Ci\u00eancia e Sa\u00fade<\/h6>\n\t\t\t\t\t<\/div>[\/vc_column_inner][vc_column_inner width=&#8221;1\/3&#8243; rt_column_shadow=&#8221;&#8221; rt_bg_image_repeat=&#8221;repeat&#8221; rt_bg_size=&#8221;auto auto&#8221; rt_bg_attachment=&#8221;scroll&#8221;][vc_column_text]\n<ul>\n<li><strong><a href=\"http:\/\/www.heart.org\/HEARTORG\/GettingHealthy\/NutritionCenter\/Artificial-Sweeteners_UCM_305880_Article.jsp#.Tz6hpE42-u\">Ado\u00e7antes artificiais<\/a><\/strong><br \/>\n<em>Associa\u00e7\u00e3o Americana do Cora\u00e7\u00e3o<\/em><\/li>\n<li><strong>Uso de edulcorantes nutritivos e n\u00e3o nutritivos<\/strong><em><br \/>\nAcademia de Nutri\u00e7\u00e3o e Diet\u00e9tica, EUA<br \/>\n<\/em><\/li>\n<li><strong><a href=\"http:\/\/www.aafp.org\/afp\/20050401\/1321ph.html\">Gravidez: mantendo voc\u00ea e seu beb\u00ea saud\u00e1veis<\/a><\/strong><br \/>\n<em>Academia Americana de Cl\u00ednicos Gerais<\/em><\/li>\n<li><strong><a href=\"https:\/\/www.diabetes.org.uk\/Guide-to-diabetes\/Enjoy-food\/Carbohydrates-and-diabetes\/Sugar-sweeteners-and-diabetes\/\">A\u00e7\u00facares, edulcorantes e diabetes<\/a><\/strong><br \/>\n<em>Diabetes Reino Unido<\/em><\/li>\n<li><strong><a href=\"http:\/\/www.diabetes.ca\/diabetes-and-you\/healthy-living-resources\/diet-nutrition\/sugar-sweeteners\">A\u00e7\u00facares e edulcorantes<\/a><\/strong><em><br \/>\nAssocia\u00e7\u00e3o Canadense de Diabetes<\/em><\/li>\n<\/ul>\n[\/vc_column_text][\/vc_column_inner][vc_column_inner width=&#8221;1\/3&#8243; rt_column_shadow=&#8221;&#8221; rt_bg_image_repeat=&#8221;repeat&#8221; rt_bg_size=&#8221;auto auto&#8221; rt_bg_attachment=&#8221;scroll&#8221;][vc_column_text]\n<ul>\n<li><strong><a href=\"http:\/\/www.mayoclinic.org\/artificial-sweeteners\/ART-20046936\">Substitutos do a\u00e7\u00facar<\/a><\/strong><br \/>\n<em>Cl\u00ednica Mayo, EUA<\/em><\/li>\n<li><strong><a href=\"http:\/\/familydoctor.org\/familydoctor\/en\/prevention-wellness\/food-nutrition\/sugar-and-substitutes\/sugar-substitutes-what-you-need-to-know\/sucralose.html\">Substitutos do a\u00e7\u00facar | sucralose<\/a><\/strong><br \/>\n<em>FamilyDoctor.org<\/em><\/li>\n<li><strong><a href=\"http:\/\/www.mayoclinic.org\/diseases-conditions\/diabetes\/expert-answers\/artificial-sweeteners\/FAQ-20058038\">Ado\u00e7antes artificiais: eles afetam os n\u00edveis de a\u00e7\u00facar no sangue?<\/a><\/strong><br \/>\n<em>Cl\u00ednica Mayo, EUA<\/em><\/li>\n<li><strong><a href=\"http:\/\/www.cancer.gov\/cancertopics\/factsheet\/Risk\/artificial-sweeteners\">Ado\u00e7antes artificiais &#8211; Perguntas e respostas<\/a><\/strong><br \/>\n<em>Instituto Nacional do C\u00e2ncer, EUA<\/em><\/li>\n<li>Posi\u00e7\u00e3o da Academia de Nutri\u00e7\u00e3o e Diet\u00e9tica:\u00a0<strong>Uso de edulcorantes nutritivos e n\u00e3o nutritivos.<\/strong>\u00a02004; 104 (2) pp. 255-275.<\/li>\n<li>Em\u00a0<strong>1998<\/strong> a FDA aprovou o uso da sucralose em 15 categorias de alimentos e bebidas, a mais ampla aprova\u00e7\u00e3o inicial j\u00e1 concedida a um aditivo alimentar. Em agosto de <strong>1999<\/strong> a FDA ampliou a aprova\u00e7\u00e3o da sucralose para incluir sua utiliza\u00e7\u00e3o como ado\u00e7ante para uso geral em todos os alimentos e bebidas.<\/li>\n<\/ul>\n[\/vc_column_text][\/vc_column_inner][\/vc_row_inner][vc_empty_space][vc_row_inner rt_row_style=&#8221;global-style&#8221; rt_bg_custom_alignment=&#8221;top&#8221;][vc_column_inner width=&#8221;1\/3&#8243; rt_column_shadow=&#8221;&#8221; rt_bg_image_repeat=&#8221;repeat&#8221; rt_bg_size=&#8221;auto auto&#8221; rt_bg_attachment=&#8221;scroll&#8221;]<div class=\"rt_heading_wrapper no-style\">\n\t\t\t\t\t\t<h6 class=\"rt_heading  no-style\" >Informa\u00e7\u00f5es sobre os produtos e ado\u00e7antes<\/h6>\n\t\t\t\t\t<\/div>[\/vc_column_inner][vc_column_inner width=&#8221;1\/3&#8243; rt_column_shadow=&#8221;&#8221; rt_bg_image_repeat=&#8221;repeat&#8221; rt_bg_size=&#8221;auto auto&#8221; rt_bg_attachment=&#8221;scroll&#8221;][vc_column_text]\n<ul type=\"disc\">\n<li><strong><a href=\"http:\/\/diabetes.about.com\/od\/dieticiansadvice\/a\/splenda.htm\">A Splenda \u00e9 segura para o diabetes?<\/a><\/strong><br \/>\n<em>VeryWell<\/em><\/li>\n<li><strong><a href=\"http:\/\/caloriecontrol.org\/sucralose\/\">Edulcorantes de baixo teor cal\u00f3rico: Sucralose<\/a><\/strong><br \/>\n<em>Conselho de Controle de Calorias, EUA<\/em><\/li>\n<li><strong>Tudo que voc\u00ea precisa saber sobre a sucraloseConselho <\/strong><strong><br \/>\n<\/strong><em>Internacional de Dados Alimentares<\/em><\/li>\n<li><a href=\"http:\/\/www.sweeteners.org\/assets\/uploads\/articles\/files\/Sucralose-Fact-Sheet_Aug09.pdf\" target=\"_blank\" rel=\"noopener\"><strong>Sucralose<\/strong><\/a><em><br \/>\nAssocia\u00e7\u00e3o Internacional de Edulcorantes<\/em><\/li>\n<li><a href=\"http:\/\/www.splenda.com\/\"><strong>Produtos de mesa SPLENDA\u00ae<\/strong><\/a><\/li>\n<li><strong><a href=\"http:\/\/www.splendaprofessional.com\/\">Produtos SPLENDA\u00ae (para profissionais da sa\u00fade)<\/a><\/strong><\/li>\n<\/ul>\n[\/vc_column_text][\/vc_column_inner][vc_column_inner width=&#8221;1\/3&#8243; rt_column_shadow=&#8221;&#8221; rt_bg_image_repeat=&#8221;repeat&#8221; rt_bg_size=&#8221;auto auto&#8221; rt_bg_attachment=&#8221;scroll&#8221;][vc_column_text][\/vc_column_text][\/vc_column_inner][\/vc_row_inner][\/vc_column][\/vc_row][vc_row rt_row_background_width=&#8221;fullwidth&#8221; rt_row_content_width=&#8221;default&#8221; rt_row_style=&#8221;default-style&#8221; rt_row_borders=&#8221;&#8221; rt_row_shadows=&#8221;&#8221; rt_row_paddings=&#8221;true&#8221; rt_bg_effect=&#8221;classic&#8221; rt_bg_image_repeat=&#8221;repeat&#8221; rt_bg_size=&#8221;cover&#8221; rt_bg_position=&#8221;right top&#8221; rt_bg_attachment=&#8221;scroll&#8221; rt_bg_video_format=&#8221;self-hosted&#8221;][vc_column width=&#8221;1\/3&#8243; rt_column_shadow=&#8221;&#8221; rt_bg_image_repeat=&#8221;repeat&#8221; rt_bg_size=&#8221;auto auto&#8221; rt_bg_attachment=&#8221;scroll&#8221;]<article  class=\"image-content-box content-box box-style-1 left\"><div class=\"featured_image_holder\"><a href=\"\/pt-br\/o-que-e-sucralose\/\" title=\"Saiba mais\" target=\"_self\"><img decoding=\"async\" class=\"img-responsive\" src=\"https:\/\/sucraloseglobal.org\/wp-content\/uploads\/2016\/10\/kids.png\" alt=\"\" \/><\/a><\/div><div class=\"text-holder\">\n\t<h4 class=\"heading\" >\n\t\t<a href=\"\/pt-br\/o-que-e-sucralose\/\" title=\"Sobre a sucralose\" target=\"_self\" >\n\t\t\tSobre a sucralose\n\t\t<\/a>\n\t<\/h4> <p>Milh\u00f5es de consumidores em todo o mundo vem desfrutando dos produtos ado\u00e7ados com sucralose desde sua introdu\u00e7\u00e3o no mercado h\u00e1 mais de 20 anos.<\/p>\n<a class=\"read_more\" href=\"\/pt-br\/o-que-e-sucralose\/\" title=\"Saiba mais\" target=\"_self\" >Saiba mais<\/a><\/div><\/article>[\/vc_column][vc_column width=&#8221;1\/3&#8243; rt_column_shadow=&#8221;&#8221; rt_bg_image_repeat=&#8221;repeat&#8221; rt_bg_size=&#8221;auto auto&#8221; rt_bg_attachment=&#8221;scroll&#8221;]<article  class=\"image-content-box content-box box-style-1 left\"><div class=\"featured_image_holder\"><a href=\"\/pt-br\/sucralose-facts\/\" title=\"Saiba mais\" target=\"_self\"><img decoding=\"async\" class=\"img-responsive\" src=\"https:\/\/sucraloseglobal.org\/wp-content\/uploads\/2016\/01\/experts.png\" alt=\"\" \/><\/a><\/div><div class=\"text-holder\">\n\t<h4 class=\"heading\" >\n\t\t<a href=\"\/pt-br\/sucralose-facts\/\" title=\"A sucralose \u00e9 segura?\" target=\"_self\" >\n\t\t\tA sucralose \u00e9 segura?\n\t\t<\/a>\n\t<\/h4> <p>Com muitos estudos que atestam a sua seguran\u00e7a, a sucralose proporciona um sabor doce, auxilia no controle de calorias enquanto proporciona alimentos saborosos.<\/p>\n<a class=\"read_more\" href=\"\/pt-br\/sucralose-facts\/\" title=\"Saiba mais\" target=\"_self\" >Saiba mais<\/a><\/div><\/article>[\/vc_column][vc_column width=&#8221;1\/3&#8243; rt_column_shadow=&#8221;&#8221; rt_bg_image_repeat=&#8221;repeat&#8221; rt_bg_size=&#8221;auto auto&#8221; rt_bg_attachment=&#8221;scroll&#8221;]<article  class=\"image-content-box content-box box-style-1 left\"><div class=\"featured_image_holder\"><a href=\"\/pt-br\/sucralose-benefits\/\" title=\"Saiba mais\" target=\"_self\"><img decoding=\"async\" class=\"img-responsive\" src=\"https:\/\/sucraloseglobal.org\/wp-content\/uploads\/2016\/01\/drink.jpg\" alt=\"\" \/><\/a><\/div><div class=\"text-holder\">\n\t<h4 class=\"heading\" >\n\t\t<a href=\"\/pt-br\/sucralose-benefits\/\" title=\"Benef\u00edcios da sucralose\" target=\"_self\" >\n\t\t\tBenef\u00edcios da sucralose\n\t\t<\/a>\n\t<\/h4> <p>A substitui\u00e7\u00e3o do a\u00e7\u00facar pela sucralose pode proporcionar in\u00fameros benef\u00edcios.<\/p>\n<a class=\"read_more\" href=\"\/pt-br\/sucralose-benefits\/\" title=\"Saiba mais\" target=\"_self\" >Saiba mais<\/a><\/div><\/article>[\/vc_column][\/vc_row]\n","protected":false},"excerpt":{"rendered":"<p>[vc_row rt_row_background_width=&#8221;fullwidth&#8221; rt_row_content_width=&#8221;default&#8221; rt_row_style=&#8221;light-style&#8221; rt_row_borders=&#8221;&#8221; rt_row_shadows=&#8221;&#8221; rt_row_paddings=&#8221;true&#8221; rt_bg_effect=&#8221;parallax&#8221; rt_bg_parallax_effect=&#8221;1&#8243; rt_bg_image_repeat=&#8221;repeat&#8221; rt_bg_size=&#8221;cover&#8221; rt_bg_position=&#8221;center bottom&#8221; rt_bg_video_format=&#8221;self-hosted&#8221; rt_padding_top=&#8221;80&#8243; rt_padding_bottom=&#8221;0&#8243; rt_grid=&#8221;&#8221; rt_bg_color=&#8221;#ffed4a&#8221; rt_bg_overlay_color=&#8221;rgba(255,237,74,0.5)&#8221; rt_bg_image=&#8221;1911&#8243;][vc_column rt_column_shadow=&#8221;&#8221; rt_bg_image_repeat=&#8221;repeat&#8221; rt_bg_size=&#8221;auto auto&#8221; rt_bg_attachment=&#8221;scroll&#8221;][vc_empty_space height=&#8221;40px&#8221;][vc_column_text] [\/vc_column_text][\/vc_column][\/vc_row][vc_row rt_row_background_width=&#8221;fullwidth&#8221; rt_row_content_width=&#8221;default&#8221; rt_row_style=&#8221;default-style&#8221; rt_row_borders=&#8221;&#8221; rt_row_shadows=&#8221;&#8221; rt_row_paddings=&#8221;true&#8221; rt_bg_effect=&#8221;classic&#8221; rt_bg_image_repeat=&#8221;repeat&#8221; rt_bg_size=&#8221;cover&#8221; rt_bg_position=&#8221;right top&#8221; rt_bg_attachment=&#8221;scroll&#8221; rt_bg_video_format=&#8221;self-hosted&#8221; rt_padding_bottom=&#8221;0&#8243;][vc_column rt_column_shadow=&#8221;&#8221; rt_bg_image_repeat=&#8221;repeat&#8221; rt_bg_size=&#8221;auto auto&#8221; rt_bg_attachment=&#8221;scroll&#8221;][vc_column_text]Especialistas cient\u00edficos em todo o mundo respaldam a seguran\u00e7a da &#8230; <a class=\"more-link\" href=\"https:\/\/sucraloseglobal.org\/pt-br\/what-the-experts-say\/\">Continue reading<\/a><\/p>\n","protected":false},"author":1,"featured_media":0,"parent":0,"menu_order":0,"comment_status":"closed","ping_status":"closed","template":"","meta":{"footnotes":""},"class_list":["post-11121","page","type-page","status-publish","hentry"],"_links":{"self":[{"href":"https:\/\/sucraloseglobal.org\/pt-br\/wp-json\/wp\/v2\/pages\/11121\/"}],"collection":[{"href":"https:\/\/sucraloseglobal.org\/pt-br\/wp-json\/wp\/v2\/pages\/"}],"about":[{"href":"https:\/\/sucraloseglobal.org\/pt-br\/wp-json\/wp\/v2\/types\/page\/"}],"author":[{"embeddable":true,"href":"https:\/\/sucraloseglobal.org\/pt-br\/wp-json\/wp\/v2\/users\/1\/"}],"replies":[{"embeddable":true,"href":"https:\/\/sucraloseglobal.org\/pt-br\/wp-json\/wp\/v2\/comments\/?post=11121"}],"version-history":[{"count":0,"href":"https:\/\/sucraloseglobal.org\/pt-br\/wp-json\/wp\/v2\/pages\/11121\/revisions\/"}],"wp:attachment":[{"href":"https:\/\/sucraloseglobal.org\/pt-br\/wp-json\/wp\/v2\/media\/?parent=11121"}],"curies":[{"name":"wp","href":"https:\/\/api.w.org\/{rel}","templated":true}]}}